{"id":59,"date":"2019-08-02T09:05:41","date_gmt":"2019-08-02T07:05:41","guid":{"rendered":"http:\/\/sig-media.com\/cfm\/?page_id=59"},"modified":"2019-08-02T14:19:16","modified_gmt":"2019-08-02T12:19:16","slug":"entwicklung","status":"publish","type":"page","link":"https:\/\/www.clemens-fm.de\/index.php\/entwicklung\/","title":{"rendered":"Entwicklung"},"content":{"rendered":"<p><img decoding=\"async\" loading=\"lazy\" class=\"alignright size-full wp-image-108\" src=\"http:\/\/www.clemens-fm.de\/wp-content\/uploads\/2019\/08\/monitor1-1.jpg\" alt=\"\" width=\"403\" height=\"325\" srcset=\"https:\/\/www.clemens-fm.de\/wp-content\/uploads\/2019\/08\/monitor1-1.jpg 403w, https:\/\/www.clemens-fm.de\/wp-content\/uploads\/2019\/08\/monitor1-1-300x242.jpg 300w, https:\/\/www.clemens-fm.de\/wp-content\/uploads\/2019\/08\/monitor1-1-99x80.jpg 99w\" sizes=\"(max-width: 403px) 100vw, 403px\" \/>Mit modernster 3D-Technik am Computer und mittels ausgefeiltem Ingenieur-Know-how entwickeln wir Teile komplett neu und passen sie perfekt auf Ihren Bedarf an. Die Ma\u00dfaufnahme erfolgt bereits vor-Ort an Ihrer Maschine. Die konkrete technische Planung und Abstimmung sind die n\u00e4chsten Schritte vor Produktionsbeginn.<\/p>\n<p>Die Archivierung aller Pl\u00e4ne, Detailzeichnungen und Entw\u00fcrfe erm\u00f6glichen es, jederzeit weitere St\u00fccke vom gleichen Werkst\u00fcck im Bedarfsfalle anfertigen zu lassen.<\/p>\n<p>&nbsp;<\/p>\n<p>&nbsp;<\/p>\n<p>&nbsp;<\/p>\n<p><a class=\"blaubutton\" href=\"http:\/\/www.clemens-fm.de\/index.php\/prototypen-und-einzelstueckfertigung\/\">Prototypen und Einzelst\u00fcckfertigung<\/a><\/p>\n<p><a class=\"blaubutton\" href=\"http:\/\/www.clemens-fm.de\/index.php\/klein-serienproduktion\/\">Klein-Serienproduktion<\/a><\/p>\n<p><a class=\"blaubutton\" href=\"http:\/\/www.clemens-fm.de\/index.php\/neuentwicklung\/\">Neuentwicklung<\/a><\/p>\n","protected":false},"excerpt":{"rendered":"<p>Mit modernster 3D-Technik am Computer und mittels ausgefeiltem Ingenieur-Know-how entwickeln wir Teile komplett neu und passen sie perfekt auf Ihren Bedarf an. Die Ma\u00dfaufnahme erfolgt bereits vor-Ort an Ihrer Maschine. Die konkrete technische Planung und Abstimmung sind die n\u00e4chsten Schritte vor Produktionsbeginn. Die Archivierung aller Pl\u00e4ne, Detailzeichnungen und Entw\u00fcrfe erm\u00f6glichen [&hellip;]<\/p>\n","protected":false},"author":1,"featured_media":121,"parent":0,"menu_order":0,"comment_status":"closed","ping_status":"closed","template":"page-fullwidth.php","meta":[],"_links":{"self":[{"href":"https:\/\/www.clemens-fm.de\/index.php\/wp-json\/wp\/v2\/pages\/59"}],"collection":[{"href":"https:\/\/www.clemens-fm.de\/index.php\/wp-json\/wp\/v2\/pages"}],"about":[{"href":"https:\/\/www.clemens-fm.de\/index.php\/wp-json\/wp\/v2\/types\/page"}],"author":[{"embeddable":true,"href":"https:\/\/www.clemens-fm.de\/index.php\/wp-json\/wp\/v2\/users\/1"}],"replies":[{"embeddable":true,"href":"https:\/\/www.clemens-fm.de\/index.php\/wp-json\/wp\/v2\/comments?post=59"}],"version-history":[{"count":9,"href":"https:\/\/www.clemens-fm.de\/index.php\/wp-json\/wp\/v2\/pages\/59\/revisions"}],"predecessor-version":[{"id":177,"href":"https:\/\/www.clemens-fm.de\/index.php\/wp-json\/wp\/v2\/pages\/59\/revisions\/177"}],"wp:featuredmedia":[{"embeddable":true,"href":"https:\/\/www.clemens-fm.de\/index.php\/wp-json\/wp\/v2\/media\/121"}],"wp:attachment":[{"href":"https:\/\/www.clemens-fm.de\/index.php\/wp-json\/wp\/v2\/media?parent=59"}],"curies":[{"name":"wp","href":"https:\/\/api.w.org\/{rel}","templated":true}]}}