{"id":41,"date":"2019-08-01T14:19:22","date_gmt":"2019-08-01T12:19:22","guid":{"rendered":"http:\/\/sig-media.com\/cfm\/?page_id=41"},"modified":"2019-08-22T11:02:18","modified_gmt":"2019-08-22T09:02:18","slug":"ueber-uns","status":"publish","type":"page","link":"https:\/\/www.clemens-fm.de\/index.php\/ueber-uns\/","title":{"rendered":"\u00dcber uns"},"content":{"rendered":"<p><img decoding=\"async\" loading=\"lazy\" class=\"alignright wp-image-129 \" style=\"margin-top: 14px;\" src=\"http:\/\/www.clemens-fm.de\/wp-content\/uploads\/2019\/08\/250_Drehen_1_korr.jpg\" alt=\"\" width=\"401\" height=\"625\" srcset=\"https:\/\/www.clemens-fm.de\/wp-content\/uploads\/2019\/08\/250_Drehen_1_korr.jpg 701w, https:\/\/www.clemens-fm.de\/wp-content\/uploads\/2019\/08\/250_Drehen_1_korr-193x300.jpg 193w, https:\/\/www.clemens-fm.de\/wp-content\/uploads\/2019\/08\/250_Drehen_1_korr-657x1024.jpg 657w, https:\/\/www.clemens-fm.de\/wp-content\/uploads\/2019\/08\/250_Drehen_1_korr-51x80.jpg 51w\" sizes=\"(max-width: 401px) 100vw, 401px\" \/><\/p>\n<p>Das Unternehmen Clemens Feinwerkmechanik wurde Ende der 1980er Jahre gegr\u00fcndet und legt seither den Schwerpunkt auf die Herstellung von feinmechanischen Ger\u00e4ten im Bereich Werkzeug- und Maschinenbau. Durch den optimalen Kundenservice und die starke Flexibilit\u00e4t hat sich das Unternehmen einen hohen Bekanntheitsgrad im Rhein-Erft-Kreis und dar\u00fcber hinaus geschaffen. Gewachsenes Vertrauen und zuverl\u00e4ssige Lieferung sind die Grundlagen der erfolgreichen Zusammenarbeit mit Kunden und Partnern.<\/p>\n<p>2016 ist der Firmengr\u00fcnder Karl-Heinz Clemens in den wohlverdienten Ruhestand gegangen. Vorher hat er die Firma noch an den Maschinenbauingenieur David Mbogo \u00fcbergeben. Dieser kann neben verschiedenen anderen T\u00e4tigkeiten im Bereich des Maschinenbaus auch mit einer \u00fcber 20j\u00e4hrigen Erfahrung im Bereich der Entwicklung in der Automobilindustrie aufwarten.<\/p>\n<p>Seit der \u00dcbernahme des Unternehmens wurde bereits der Maschinenpark deutlich vergr\u00f6\u00dfert und die Firma in ihrem Leistungs- und Serviceangebot erweitert. Zudem wurden die Zulieferstrukturen ausgebaut und internationalisiert.<\/p>\n<p>Heute beliefert das Unternehmen Partner und Kunden in der gesamten Bundesrepublik.<\/p>\n<p>&nbsp;<\/p>\n<p>&nbsp;<\/p>\n<p><img decoding=\"async\" loading=\"lazy\" class=\"alignnone wp-image-373 size-full\" src=\"http:\/\/www.clemens-fm.de\/wp-content\/uploads\/2019\/08\/4erbild_neu.jpg\" alt=\"\" width=\"680\" height=\"495\" srcset=\"https:\/\/www.clemens-fm.de\/wp-content\/uploads\/2019\/08\/4erbild_neu.jpg 680w, https:\/\/www.clemens-fm.de\/wp-content\/uploads\/2019\/08\/4erbild_neu-300x218.jpg 300w, https:\/\/www.clemens-fm.de\/wp-content\/uploads\/2019\/08\/4erbild_neu-110x80.jpg 110w\" sizes=\"(max-width: 680px) 100vw, 680px\" \/><\/p>\n","protected":false},"excerpt":{"rendered":"<p>Das Unternehmen Clemens Feinwerkmechanik wurde Ende der 1980er Jahre gegr\u00fcndet und legt seither den Schwerpunkt auf die Herstellung von feinmechanischen Ger\u00e4ten im Bereich Werkzeug- und Maschinenbau. Durch den optimalen Kundenservice und die starke Flexibilit\u00e4t hat sich das Unternehmen einen hohen Bekanntheitsgrad im Rhein-Erft-Kreis und dar\u00fcber hinaus geschaffen. Gewachsenes Vertrauen und [&hellip;]<\/p>\n","protected":false},"author":1,"featured_media":128,"parent":0,"menu_order":0,"comment_status":"closed","ping_status":"closed","template":"page-fullwidth.php","meta":[],"_links":{"self":[{"href":"https:\/\/www.clemens-fm.de\/index.php\/wp-json\/wp\/v2\/pages\/41"}],"collection":[{"href":"https:\/\/www.clemens-fm.de\/index.php\/wp-json\/wp\/v2\/pages"}],"about":[{"href":"https:\/\/www.clemens-fm.de\/index.php\/wp-json\/wp\/v2\/types\/page"}],"author":[{"embeddable":true,"href":"https:\/\/www.clemens-fm.de\/index.php\/wp-json\/wp\/v2\/users\/1"}],"replies":[{"embeddable":true,"href":"https:\/\/www.clemens-fm.de\/index.php\/wp-json\/wp\/v2\/comments?post=41"}],"version-history":[{"count":11,"href":"https:\/\/www.clemens-fm.de\/index.php\/wp-json\/wp\/v2\/pages\/41\/revisions"}],"predecessor-version":[{"id":374,"href":"https:\/\/www.clemens-fm.de\/index.php\/wp-json\/wp\/v2\/pages\/41\/revisions\/374"}],"wp:featuredmedia":[{"embeddable":true,"href":"https:\/\/www.clemens-fm.de\/index.php\/wp-json\/wp\/v2\/media\/128"}],"wp:attachment":[{"href":"https:\/\/www.clemens-fm.de\/index.php\/wp-json\/wp\/v2\/media?parent=41"}],"curies":[{"name":"wp","href":"https:\/\/api.w.org\/{rel}","templated":true}]}}