{"id":293,"date":"2019-08-14T13:11:34","date_gmt":"2019-08-14T11:11:34","guid":{"rendered":"http:\/\/sig-media.com\/cfm\/?page_id=293"},"modified":"2019-08-19T13:22:45","modified_gmt":"2019-08-19T11:22:45","slug":"materialien","status":"publish","type":"page","link":"https:\/\/www.clemens-fm.de\/index.php\/materialien\/","title":{"rendered":"Materialien"},"content":{"rendered":"<p><img decoding=\"async\" loading=\"lazy\" class=\"alignright size-full wp-image-328\" src=\"http:\/\/www.clemens-fm.de\/wp-content\/uploads\/2019\/08\/pin.jpg\" alt=\"\" width=\"400\" height=\"600\" srcset=\"https:\/\/www.clemens-fm.de\/wp-content\/uploads\/2019\/08\/pin.jpg 400w, https:\/\/www.clemens-fm.de\/wp-content\/uploads\/2019\/08\/pin-200x300.jpg 200w, https:\/\/www.clemens-fm.de\/wp-content\/uploads\/2019\/08\/pin-53x80.jpg 53w\" sizes=\"(max-width: 400px) 100vw, 400px\" \/>Die Frage nach dem geeigneten Material f\u00fcr ein Werkst\u00fcck und vor allem die Verf\u00fcgbarkeit in der gew\u00fcnschten Zeitspanne sind oft die entscheidenden Fragen f\u00fcr die perfekte L\u00f6sung. Grunds\u00e4tzlich bietet Clemens Feinwerkmechanik s\u00e4mtliche g\u00e4ngigen Werkstoffe und Materialien zur Herstellung von Teilen und Werkzeugen an.<\/p>\n<p>Die Palette reicht von allen g\u00e4ngigen Stahl- und Edelstahlsorten \u00fcber Aluminium, Kunstoffen aller Art bis hin zu Bunt- und Edelmetallen.<\/p>\n<p>Kurze Lieferzeiten durch ein breites internationales Lieferantennetzwerk und h\u00f6chste Qualit\u00e4t der Produkte gew\u00e4hrleisten dem Kunden stets die optimalen Materialeigenschaften f\u00fcr seine individuelle L\u00f6sung.<\/p>\n<p>&nbsp;<\/p>\n<p><a class=\"blaubutton\" href=\"http:\/\/www.clemens-fm.de\/index.php\/technische-kunststoffe\/\">Technische Kunststoffe<\/a><\/p>\n<p><a class=\"blaubutton\" href=\"http:\/\/www.clemens-fm.de\/index.php\/aluminium\/\">Aluminium<\/a><\/p>\n<p><a class=\"blaubutton\" href=\"http:\/\/www.clemens-fm.de\/index.php\/stahl\/\">Stahl<\/a><\/p>\n<p><a class=\"blaubutton\" href=\"http:\/\/www.clemens-fm.de\/index.php\/edelstahl\/\">Edelstahl<\/a><\/p>\n<p><a class=\"blaubutton\" href=\"http:\/\/www.clemens-fm.de\/index.php\/andere-metalle-ne-metalle\/\">Andere Metalle<\/a><\/p>\n<p>&nbsp;<\/p>\n","protected":false},"excerpt":{"rendered":"<p>Die Frage nach dem geeigneten Material f\u00fcr ein Werkst\u00fcck und vor allem die Verf\u00fcgbarkeit in der gew\u00fcnschten Zeitspanne sind oft die entscheidenden Fragen f\u00fcr die perfekte L\u00f6sung. Grunds\u00e4tzlich bietet Clemens Feinwerkmechanik s\u00e4mtliche g\u00e4ngigen Werkstoffe und Materialien zur Herstellung von Teilen und Werkzeugen an. Die Palette reicht von allen g\u00e4ngigen Stahl- [&hellip;]<\/p>\n","protected":false},"author":1,"featured_media":208,"parent":0,"menu_order":0,"comment_status":"closed","ping_status":"closed","template":"page-fullwidth.php","meta":[],"_links":{"self":[{"href":"https:\/\/www.clemens-fm.de\/index.php\/wp-json\/wp\/v2\/pages\/293"}],"collection":[{"href":"https:\/\/www.clemens-fm.de\/index.php\/wp-json\/wp\/v2\/pages"}],"about":[{"href":"https:\/\/www.clemens-fm.de\/index.php\/wp-json\/wp\/v2\/types\/page"}],"author":[{"embeddable":true,"href":"https:\/\/www.clemens-fm.de\/index.php\/wp-json\/wp\/v2\/users\/1"}],"replies":[{"embeddable":true,"href":"https:\/\/www.clemens-fm.de\/index.php\/wp-json\/wp\/v2\/comments?post=293"}],"version-history":[{"count":8,"href":"https:\/\/www.clemens-fm.de\/index.php\/wp-json\/wp\/v2\/pages\/293\/revisions"}],"predecessor-version":[{"id":329,"href":"https:\/\/www.clemens-fm.de\/index.php\/wp-json\/wp\/v2\/pages\/293\/revisions\/329"}],"wp:featuredmedia":[{"embeddable":true,"href":"https:\/\/www.clemens-fm.de\/index.php\/wp-json\/wp\/v2\/media\/208"}],"wp:attachment":[{"href":"https:\/\/www.clemens-fm.de\/index.php\/wp-json\/wp\/v2\/media?parent=293"}],"curies":[{"name":"wp","href":"https:\/\/api.w.org\/{rel}","templated":true}]}}