{"id":291,"date":"2019-08-14T13:11:18","date_gmt":"2019-08-14T11:11:18","guid":{"rendered":"http:\/\/sig-media.com\/cfm\/?page_id=291"},"modified":"2019-08-19T15:11:12","modified_gmt":"2019-08-19T13:11:12","slug":"herstellung","status":"publish","type":"page","link":"https:\/\/www.clemens-fm.de\/index.php\/herstellung\/","title":{"rendered":"Herstellung"},"content":{"rendered":"<p><strong><img decoding=\"async\" loading=\"lazy\" class=\"alignright size-full wp-image-320\" src=\"http:\/\/www.clemens-fm.de\/wp-content\/uploads\/2019\/08\/fraeskopf.jpg\" alt=\"\" width=\"400\" height=\"600\" srcset=\"https:\/\/www.clemens-fm.de\/wp-content\/uploads\/2019\/08\/fraeskopf.jpg 400w, https:\/\/www.clemens-fm.de\/wp-content\/uploads\/2019\/08\/fraeskopf-200x300.jpg 200w, https:\/\/www.clemens-fm.de\/wp-content\/uploads\/2019\/08\/fraeskopf-53x80.jpg 53w\" sizes=\"(max-width: 400px) 100vw, 400px\" \/>Fertigungsverfahren<\/strong><\/p>\n<p>Grunds\u00e4tzlich werden in der Fachliteratur Fertigungsverfahren in sechs Hauptgruppen eingeteilt, welche die Art der \u00c4nderung des Stoffzusammenhalts erkl\u00e4ren.<\/p>\n<p><strong>1. Urformen<\/strong><\/p>\n<p>Urformen herstellen bedeutet, Zusammenhalt in einer Form zu schaffen. Eines der wichtigsten Verfahren f\u00fcr das <a href=\"https:\/\/www.fachwissen-technik.de\/verfahren\/fertigungsverfahren-urformen.html\" target=\"_blank\" rel=\"noopener noreferrer\">Urformen<\/a> stellt das Gie\u00dfen dar, weil hier aus einem formlosen Material ein Produkt hergestellt wird.<\/p>\n<p><strong>2. Umformen<\/strong><\/p>\n<p>Eine weiterf\u00fchrende Fertigungsmethodik, die meist direkt in einem Fertigungsprozess nach der Urformung ansteht stellt, das sogenannte <a href=\"https:\/\/www.fachwissen-technik.de\/verfahren\/fertigungsverfahren-umformen.html\" target=\"_blank\" rel=\"noopener noreferrer\">Umformen<\/a> dar. Bleibende Formver\u00e4nderung w\u00e4hrend eines Fertigungsverfahrens ist hier charakteristisch. Das Walzen ist eines der typischen Beispiele f\u00fcr die Umformung<\/p>\n<p><strong>3. Trennen<\/strong><\/p>\n<p>Zusammenhalt vermindern ist wie der Name schon vermuten l\u00e4sst beim <a href=\"http:\/\/www.fachwissen-technik.de\/verfahren\/fertigungsverfahren-trennen.html\" target=\"_blank\" rel=\"noopener noreferrer\">Trennen<\/a> wichtig zu nennen. Das zu bearbeitende Werkst\u00fcck wird hierbei zum Beispiel mit Hilfe des S\u00e4gens oder Fr\u00e4sens geteilt.<\/p>\n<p>In diese Gruppe des Trennens fallen auch alle sogenannte \u201espanende Fertigungsverfahren\u201c wie das S\u00e4gen, Drehen, Fr\u00e4sen, Bohren, Schneiden und Schleifen.<\/p>\n<p><strong>4. F\u00fcgen<\/strong><\/p>\n<p>Vermehrt man allerdings den Zusammenhalt, dann hat man es mit der vierten Hauptgruppe der Fertigungsverfahren zu tun, hierbei ist vordringlich das <a href=\"http:\/\/www.fachwissen-technik.de\/verfahren\/fertigungsverfahren-fuegen.html\" target=\"_blank\" rel=\"noopener noreferrer\">F\u00fcgen<\/a>, also das Schwei\u00dfen, L\u00f6ten oder Kleben zu nennen.<\/p>\n<p><strong>5. Beschichten<\/strong><\/p>\n<p>Beim <a href=\"https:\/\/de.wikipedia.org\/wiki\/Beschichten\" target=\"_blank\" rel=\"noopener noreferrer\">Beschichten<\/a> vermehrt man den Zusammenhalt, das bedeutet, dass hierbei durch Lackierung, Verzinkung o.\u00e4. eine Schicht auf den Werkstoff aufgetragen wird und dieser somit bearbeitet wird.<\/p>\n<p><strong>6. H\u00e4rten<\/strong><\/p>\n<p>Durch <a href=\"https:\/\/de.wikipedia.org\/wiki\/H%C3%A4rten_(Eisenwerkstoff)\" target=\"_blank\" rel=\"noopener noreferrer\">H\u00e4rten<\/a> oder Gl\u00fchen kann ein Werkstoff im Zuge eines Fertigungsverfahrens in seinen Stoffeigenschaften ver\u00e4ndert werden.<\/p>\n<p>&nbsp;<\/p>\n<p>Clemens Feinwerkmechanik ist spezialisiert auf s\u00e4mtliche spanende Fertigungsverfahren. Hochmoderne, computergesteuerte Fr\u00e4s-, Dreh-, Bohr- und Schleifmaschinen werden erg\u00e4nzt durch analoge Einzelfertigungsmaschinen und -vorrichtungen, die mit der jahrelangen Erfahrung des Fachpersonals hochpr\u00e4zise die notwendigen Herstellungsverfahren durchf\u00fchren k\u00f6nnen. Schlussendlich sind Erfahrung und Fingerspitzengef\u00fchl zus\u00e4tzliche Garanten f\u00fcr die perfekte L\u00f6sung.<\/p>\n<p>Zus\u00e4tzlich zu den spanenden Verfahren bietet Clemens Feinwerkmechanik auf Wunsch auch ausgew\u00e4hlte Leistungen f\u00fcr Beschichtungen, Gummierungen oder Oberfl\u00e4chenveredelungen an. Auch H\u00e4rtung von Werkst\u00fccken ist m\u00f6glich.<\/p>\n<p><a class=\"blaubutton\" href=\"http:\/\/www.clemens-fm.de\/index.php\/drehen\/\">Drehen<\/a><\/p>\n<p><a class=\"blaubutton\" href=\"http:\/\/www.clemens-fm.de\/index.php\/fraesen\/\">Fr\u00e4sen<\/a><\/p>\n<p><a class=\"blaubutton\" href=\"http:\/\/www.clemens-fm.de\/index.php\/bohren\/\">Bohren<\/a><\/p>\n<p><a class=\"blaubutton\" href=\"http:\/\/www.clemens-fm.de\/index.php\/schleifen-rund-schleifen-und-flachschleifen\/\">Schleifen<\/a><\/p>\n","protected":false},"excerpt":{"rendered":"<p>Fertigungsverfahren Grunds\u00e4tzlich werden in der Fachliteratur Fertigungsverfahren in sechs Hauptgruppen eingeteilt, welche die Art der \u00c4nderung des Stoffzusammenhalts erkl\u00e4ren. 1. Urformen Urformen herstellen bedeutet, Zusammenhalt in einer Form zu schaffen. Eines der wichtigsten Verfahren f\u00fcr das Urformen stellt das Gie\u00dfen dar, weil hier aus einem formlosen Material ein Produkt hergestellt [&hellip;]<\/p>\n","protected":false},"author":1,"featured_media":173,"parent":0,"menu_order":0,"comment_status":"closed","ping_status":"closed","template":"page-fullwidth.php","meta":[],"_links":{"self":[{"href":"https:\/\/www.clemens-fm.de\/index.php\/wp-json\/wp\/v2\/pages\/291"}],"collection":[{"href":"https:\/\/www.clemens-fm.de\/index.php\/wp-json\/wp\/v2\/pages"}],"about":[{"href":"https:\/\/www.clemens-fm.de\/index.php\/wp-json\/wp\/v2\/types\/page"}],"author":[{"embeddable":true,"href":"https:\/\/www.clemens-fm.de\/index.php\/wp-json\/wp\/v2\/users\/1"}],"replies":[{"embeddable":true,"href":"https:\/\/www.clemens-fm.de\/index.php\/wp-json\/wp\/v2\/comments?post=291"}],"version-history":[{"count":7,"href":"https:\/\/www.clemens-fm.de\/index.php\/wp-json\/wp\/v2\/pages\/291\/revisions"}],"predecessor-version":[{"id":363,"href":"https:\/\/www.clemens-fm.de\/index.php\/wp-json\/wp\/v2\/pages\/291\/revisions\/363"}],"wp:featuredmedia":[{"embeddable":true,"href":"https:\/\/www.clemens-fm.de\/index.php\/wp-json\/wp\/v2\/media\/173"}],"wp:attachment":[{"href":"https:\/\/www.clemens-fm.de\/index.php\/wp-json\/wp\/v2\/media?parent=291"}],"curies":[{"name":"wp","href":"https:\/\/api.w.org\/{rel}","templated":true}]}}