{"id":289,"date":"2019-08-14T13:10:54","date_gmt":"2019-08-14T11:10:54","guid":{"rendered":"http:\/\/sig-media.com\/cfm\/?page_id=289"},"modified":"2019-08-28T12:50:59","modified_gmt":"2019-08-28T10:50:59","slug":"leistungen","status":"publish","type":"page","link":"https:\/\/www.clemens-fm.de\/index.php\/leistungen\/","title":{"rendered":"Leistungen"},"content":{"rendered":"<p><img decoding=\"async\" loading=\"lazy\" class=\"alignright wp-image-391 \" src=\"http:\/\/www.clemens-fm.de\/wp-content\/uploads\/2019\/08\/leistungen1.jpg\" alt=\"\" width=\"500\" height=\"357\" srcset=\"https:\/\/www.clemens-fm.de\/wp-content\/uploads\/2019\/08\/leistungen1.jpg 768w, https:\/\/www.clemens-fm.de\/wp-content\/uploads\/2019\/08\/leistungen1-300x214.jpg 300w, https:\/\/www.clemens-fm.de\/wp-content\/uploads\/2019\/08\/leistungen1-112x80.jpg 112w\" sizes=\"(max-width: 500px) 100vw, 500px\" \/>Sicher kennen Sie das Problem: eine Halterung an einer Maschine ist gebrochen oder zu einer Individuall\u00f6sung fehlt noch ein Spezialteil. Die Maschine mit der defekten Halterung ist bereits aus der Wartung gelaufen, der Hersteller liefert keine Ersatzteile mehr.<\/p>\n<p>Trotzdem: die Maschine ist wichtig und muss weiter produzieren!<\/p>\n<p>Guter Rat ist hier teuer. Wer kann die defekte Halterung nachbauen oder wer kann mir das fehlende Teil f\u00fcr meine L\u00f6sung entwickeln und liefern?<\/p>\n<p>Genau auf diese Situationen ist das Unternehmen Clemens Feinwerkmechanik seit Jahren spezialisiert. Vom Nachbau einzelner Maschinenteile bis hin zur kompletten Neuentwicklung von Einzelteilen \u00fcber die Produktion von Kleinserien und dem Einbau und der Montage vor-Ort bietet das Unternehmen einen perfekten Komplettservice.<\/p>\n<p>Folgende Leistungen bietet Clemens Feinwerkmechanik seinen Kunden:<\/p>\n<p><strong>Beratung und Entwicklung<\/strong><\/p>\n<p>Welches Teil wird gebraucht, wie kann man alte Teile gegebenenfalls verbessern, damit Schwachstellen ausgemerzt werden k\u00f6nnen. Clemens Feinwerkmechanik verf\u00fcgt \u00fcber langj\u00e4hriges Know-how und Erfahrung zur Optimierung Ihrer L\u00f6sung.<\/p>\n<p>Mit uns finden Sie immer das richtige Teil!<\/p>\n<p><strong>Wartung und Instandhaltungsservice<\/strong><\/p>\n<p>Sommerferien oder Betriebspausen, Wochenendwartung: Clemens Feinwerkmechanik hilft Ihnen in dem gew\u00fcnschten Zeitraum, defekte Teile zu identifizieren und schnell zu ersetzen. Auch die Aufnahme vor-Ort und die Montage in Ihrer Produktion ist garantiert. So reduzieren sich Reparatur- und Stillstandszeiten nachhaltig, was die Effektivit\u00e4t Ihrer Produktion steigert.<\/p>\n<p><strong>Prototypen- und Einzelst\u00fcckfertigung<\/strong><\/p>\n<p>Sie brauchen nur eine einzige neue Schraube, Haltung, Bolzenl\u00f6sung, ein Lager oder ein Maschinenteil. Kein Problem: wir stellen es f\u00fcr Sie her! Durch die vorgelagerte ausgefeilte Entwicklung des fehlenden oder defekten Teils sind alle Pl\u00e4ne archiviert und k\u00f6nnen jederzeit zur Nachproduktion herangezogen werden.<\/p>\n<p><strong>Klein-Serienproduktion<\/strong><\/p>\n<p>100 Spezialbolzen oder Verpackungsformen f\u00fcr Tablettenproduktion. Clemens Feinwerkmechanik kann auch hier Abhilfe schaffen. Klein-Serien bis zu ca. 100 exakt gleichen Teilen jedweder Art k\u00f6nnen produziert werden. So k\u00f6nnen zum Beispiel dann in einer Fertigungsanlage nicht nur einzelne schadhafte Bolzen oder Teile ausgetauscht werden, sondern gleich alle, um etwa die potenzielle Fehlerquote damit deutlich zu senken.<\/p>\n<p><strong>Neuentwicklung<\/strong><\/p>\n<p>Sie brauchen ein spezielles Bauteil, um damit eine Gesamtl\u00f6sung zu vollenden? Es fehlt Ihnen z.B. die Halterung an einer Kehrmaschine oder das Stanzwerkzeug in einer Metallpresse. Clemens Feinwerkmechanik entwickelt mit Ihnen gemeinsam die notwendigen Teile und fertigt diese dann passgenau f\u00fcr Sie an.<\/p>\n<p><a class=\"blaubutton\" href=\"http:\/\/www.clemens-fm.de\/index.php\/entwicklung\/\">Entwicklung<\/a><\/p>\n<p><a class=\"blaubutton\" href=\"http:\/\/www.clemens-fm.de\/index.php\/prototypen-und-einzelstueckfertigung\/\">Prototypen und Einzelst\u00fcckfertigung<\/a><\/p>\n<p><a class=\"blaubutton\" href=\"http:\/\/www.clemens-fm.de\/index.php\/klein-serienproduktion\/\">Klein-Serienproduktion<\/a><\/p>\n<p><a class=\"blaubutton\" href=\"http:\/\/www.clemens-fm.de\/index.php\/neuentwicklung\/\">Neuentwicklung<\/a><\/p>\n","protected":false},"excerpt":{"rendered":"<p>Sicher kennen Sie das Problem: eine Halterung an einer Maschine ist gebrochen oder zu einer Individuall\u00f6sung fehlt noch ein Spezialteil. Die Maschine mit der defekten Halterung ist bereits aus der Wartung gelaufen, der Hersteller liefert keine Ersatzteile mehr. Trotzdem: die Maschine ist wichtig und muss weiter produzieren! Guter Rat ist [&hellip;]<\/p>\n","protected":false},"author":1,"featured_media":121,"parent":0,"menu_order":0,"comment_status":"closed","ping_status":"closed","template":"page-fullwidth.php","meta":[],"_links":{"self":[{"href":"https:\/\/www.clemens-fm.de\/index.php\/wp-json\/wp\/v2\/pages\/289"}],"collection":[{"href":"https:\/\/www.clemens-fm.de\/index.php\/wp-json\/wp\/v2\/pages"}],"about":[{"href":"https:\/\/www.clemens-fm.de\/index.php\/wp-json\/wp\/v2\/types\/page"}],"author":[{"embeddable":true,"href":"https:\/\/www.clemens-fm.de\/index.php\/wp-json\/wp\/v2\/users\/1"}],"replies":[{"embeddable":true,"href":"https:\/\/www.clemens-fm.de\/index.php\/wp-json\/wp\/v2\/comments?post=289"}],"version-history":[{"count":9,"href":"https:\/\/www.clemens-fm.de\/index.php\/wp-json\/wp\/v2\/pages\/289\/revisions"}],"predecessor-version":[{"id":392,"href":"https:\/\/www.clemens-fm.de\/index.php\/wp-json\/wp\/v2\/pages\/289\/revisions\/392"}],"wp:featuredmedia":[{"embeddable":true,"href":"https:\/\/www.clemens-fm.de\/index.php\/wp-json\/wp\/v2\/media\/121"}],"wp:attachment":[{"href":"https:\/\/www.clemens-fm.de\/index.php\/wp-json\/wp\/v2\/media?parent=289"}],"curies":[{"name":"wp","href":"https:\/\/api.w.org\/{rel}","templated":true}]}}