{"id":167,"date":"2019-08-02T13:31:39","date_gmt":"2019-08-02T11:31:39","guid":{"rendered":"http:\/\/sig-media.com\/cfm\/?page_id=167"},"modified":"2019-08-28T09:46:17","modified_gmt":"2019-08-28T07:46:17","slug":"news","status":"publish","type":"page","link":"https:\/\/www.clemens-fm.de\/index.php\/news\/","title":{"rendered":"News"},"content":{"rendered":"<p><strong>Neue CNC Doppelschlitten-Drehmaschine TRAUB TNS 30\/ 42-D<\/strong><\/p>\n<p><img decoding=\"async\" loading=\"lazy\" class=\"alignright size-full wp-image-385\" src=\"http:\/\/www.clemens-fm.de\/wp-content\/uploads\/2019\/08\/tns-2.jpg\" alt=\"\" width=\"300\" height=\"533\" srcset=\"https:\/\/www.clemens-fm.de\/wp-content\/uploads\/2019\/08\/tns-2.jpg 300w, https:\/\/www.clemens-fm.de\/wp-content\/uploads\/2019\/08\/tns-2-169x300.jpg 169w, https:\/\/www.clemens-fm.de\/wp-content\/uploads\/2019\/08\/tns-2-45x80.jpg 45w\" sizes=\"(max-width: 300px) 100vw, 300px\" \/>Seit kurzem verf\u00fcgt Clemens Feinwerkmechanik \u00fcber eine neue vollst\u00e4ndig computergesteuerte CNC Dreh-\/Fr\u00e4smaschine.<\/p>\n<p>Die Maschine des Typs TRAUB TNS 30\/ 42-D hat folgende Kennwerte:<\/p>\n<p>X-Achse: 220mm, Z-Achse: 140mm, Anzahl Achsen: 4, Anzahl Werkzeugrevolver: 3, max. Spindeldurchlass: 42mm, Drehdurchmesser: 140mm, Drehl\u00e4nge: 220mm, Umlaufdurchmesser \u00fcber Bett\/ Planschlitten: 390\/ 150mm, Steuerung: TRAUB TX8D, mit Haupt- und Gegenspindel, 28 Werkzeugen, alle Werkzeuge angetrieben. Nachbearbeitungsstation auf Revolver und Teile-Entnahmeeinrichtung.<\/p>\n<p>Durch den Einsatz der neuen Maschine reduzieren sich die Produktionszeiten bei nochmals verbesserter Pr\u00e4zision nachhaltig, was eine schnellere Lieferung erm\u00f6glicht.<\/p>\n<p>Die Maschine befindet sich derzeit noch im Testbetrieb und wird in naher Zukunft f\u00fcr die Produktion verf\u00fcgbar sein.<\/p>\n<p><img decoding=\"async\" loading=\"lazy\" class=\"alignnone wp-image-383\" src=\"http:\/\/www.clemens-fm.de\/wp-content\/uploads\/2019\/08\/tns-1.jpg\" alt=\"\" width=\"770\" height=\"433\" srcset=\"https:\/\/www.clemens-fm.de\/wp-content\/uploads\/2019\/08\/tns-1.jpg 800w, https:\/\/www.clemens-fm.de\/wp-content\/uploads\/2019\/08\/tns-1-300x169.jpg 300w, https:\/\/www.clemens-fm.de\/wp-content\/uploads\/2019\/08\/tns-1-768x432.jpg 768w, https:\/\/www.clemens-fm.de\/wp-content\/uploads\/2019\/08\/tns-1-142x80.jpg 142w\" sizes=\"(max-width: 770px) 100vw, 770px\" \/><\/p>\n","protected":false},"excerpt":{"rendered":"<p>Neue CNC Doppelschlitten-Drehmaschine TRAUB TNS 30\/ 42-D Seit kurzem verf\u00fcgt Clemens Feinwerkmechanik \u00fcber eine neue vollst\u00e4ndig computergesteuerte CNC Dreh-\/Fr\u00e4smaschine. Die Maschine des Typs TRAUB TNS 30\/ 42-D hat folgende Kennwerte: X-Achse: 220mm, Z-Achse: 140mm, Anzahl Achsen: 4, Anzahl Werkzeugrevolver: 3, max. Spindeldurchlass: 42mm, Drehdurchmesser: 140mm, Drehl\u00e4nge: 220mm, Umlaufdurchmesser \u00fcber Bett\/ [&hellip;]<\/p>\n","protected":false},"author":1,"featured_media":227,"parent":0,"menu_order":0,"comment_status":"closed","ping_status":"closed","template":"page-fullwidth.php","meta":[],"_links":{"self":[{"href":"https:\/\/www.clemens-fm.de\/index.php\/wp-json\/wp\/v2\/pages\/167"}],"collection":[{"href":"https:\/\/www.clemens-fm.de\/index.php\/wp-json\/wp\/v2\/pages"}],"about":[{"href":"https:\/\/www.clemens-fm.de\/index.php\/wp-json\/wp\/v2\/types\/page"}],"author":[{"embeddable":true,"href":"https:\/\/www.clemens-fm.de\/index.php\/wp-json\/wp\/v2\/users\/1"}],"replies":[{"embeddable":true,"href":"https:\/\/www.clemens-fm.de\/index.php\/wp-json\/wp\/v2\/comments?post=167"}],"version-history":[{"count":8,"href":"https:\/\/www.clemens-fm.de\/index.php\/wp-json\/wp\/v2\/pages\/167\/revisions"}],"predecessor-version":[{"id":388,"href":"https:\/\/www.clemens-fm.de\/index.php\/wp-json\/wp\/v2\/pages\/167\/revisions\/388"}],"wp:featuredmedia":[{"embeddable":true,"href":"https:\/\/www.clemens-fm.de\/index.php\/wp-json\/wp\/v2\/media\/227"}],"wp:attachment":[{"href":"https:\/\/www.clemens-fm.de\/index.php\/wp-json\/wp\/v2\/media?parent=167"}],"curies":[{"name":"wp","href":"https:\/\/api.w.org\/{rel}","templated":true}]}}