{"id":159,"date":"2019-08-02T13:30:16","date_gmt":"2019-08-02T11:30:16","guid":{"rendered":"http:\/\/sig-media.com\/cfm\/?page_id=159"},"modified":"2019-08-19T14:58:42","modified_gmt":"2019-08-19T12:58:42","slug":"andere-metalle-ne-metalle","status":"publish","type":"page","link":"https:\/\/www.clemens-fm.de\/index.php\/andere-metalle-ne-metalle\/","title":{"rendered":"Andere Metalle &#8211; Ne Metalle"},"content":{"rendered":"<p><img decoding=\"async\" loading=\"lazy\" class=\"alignright size-full wp-image-351\" src=\"http:\/\/www.clemens-fm.de\/wp-content\/uploads\/2019\/08\/nem.jpg\" alt=\"\" width=\"321\" height=\"442\" srcset=\"https:\/\/www.clemens-fm.de\/wp-content\/uploads\/2019\/08\/nem.jpg 321w, https:\/\/www.clemens-fm.de\/wp-content\/uploads\/2019\/08\/nem-218x300.jpg 218w, https:\/\/www.clemens-fm.de\/wp-content\/uploads\/2019\/08\/nem-58x80.jpg 58w\" sizes=\"(max-width: 321px) 100vw, 321px\" \/>Als Nichteisenmetall werden alle <strong>Metalle<\/strong> au\u00dfer Eisen bezeichnet sowie <strong>Metall<\/strong>-Legierungen, in denen Eisen nicht als Hauptelement enthalten ist bzw. der Anteil an Reineisen (Fe) 50 % nicht \u00fcbersteigt. Beispiele hierf\u00fcr sind Kupfer, Aluminium, Zink, Bronze, Messing. Meist wird daf\u00fcr die Abk\u00fcrzung \u201e<strong>NE<\/strong>&#8211;<strong>Metall<\/strong>\u201c verwendet. Basisgruppe der sogenannten Ne-Metalle bilden die Buntmetalle, die als reine Elemente in der Natur vorkommen. <strong>Buntmetalle<\/strong> ist eine Sammelbezeichnung f\u00fcr eine Untergruppe der <a href=\"https:\/\/de.wikipedia.org\/wiki\/Nichteisenmetall\" target=\"_blank\" rel=\"noopener noreferrer\">Nichteisenmetalle<\/a> unter Ausschluss der <a href=\"https:\/\/de.wikipedia.org\/wiki\/Edelmetalle\" target=\"_blank\" rel=\"noopener noreferrer\">Edelmetalle<\/a>. Zu ihnen z\u00e4hlen Metalle wie <a href=\"https:\/\/de.wikipedia.org\/wiki\/Cadmium\" target=\"_blank\" rel=\"noopener noreferrer\">Cadmium (Cd)<\/a>, <a href=\"https:\/\/de.wikipedia.org\/wiki\/Cobalt\" target=\"_blank\" rel=\"noopener noreferrer\">Cobalt (Co)<\/a>, <a href=\"https:\/\/de.wikipedia.org\/wiki\/Kupfer\" target=\"_blank\" rel=\"noopener noreferrer\">Kupfer (Cu)<\/a>, <a href=\"https:\/\/de.wikipedia.org\/wiki\/Nickel\" target=\"_blank\" rel=\"noopener noreferrer\">Nickel (Ni)<\/a>, <a href=\"https:\/\/de.wikipedia.org\/wiki\/Blei\" target=\"_blank\" rel=\"noopener noreferrer\">Blei (Pb)<\/a>, <a href=\"https:\/\/de.wikipedia.org\/wiki\/Zinn\" target=\"_blank\" rel=\"noopener noreferrer\">Zinn (Sn)<\/a> und <a href=\"https:\/\/de.wikipedia.org\/wiki\/Zink\" target=\"_blank\" rel=\"noopener noreferrer\">Zink (Zn)<\/a>.<\/p>\n<p>&nbsp;<\/p>\n<p><a class=\"blaubutton\" href=\"http:\/\/www.clemens-fm.de\/index.php\/technische-kunststoffe\/\">Technische Kunststoffe <\/a><\/p>\n<p><a class=\"blaubutton\" href=\"http:\/\/www.clemens-fm.de\/index.php\/aluminium\/\">Aluminium<\/a><\/p>\n<p><a class=\"blaubutton\" href=\"http:\/\/www.clemens-fm.de\/index.php\/stahl\/\">Stahl<\/a><\/p>\n<p><a class=\"blaubutton\" href=\"http:\/\/www.clemens-fm.de\/index.php\/edelstahl\/\">Edelstahl<\/a><\/p>\n","protected":false},"excerpt":{"rendered":"<p>Als Nichteisenmetall werden alle Metalle au\u00dfer Eisen bezeichnet sowie Metall-Legierungen, in denen Eisen nicht als Hauptelement enthalten ist bzw. der Anteil an Reineisen (Fe) 50 % nicht \u00fcbersteigt. Beispiele hierf\u00fcr sind Kupfer, Aluminium, Zink, Bronze, Messing. Meist wird daf\u00fcr die Abk\u00fcrzung \u201eNE&#8211;Metall\u201c verwendet. Basisgruppe der sogenannten Ne-Metalle bilden die Buntmetalle, [&hellip;]<\/p>\n","protected":false},"author":1,"featured_media":208,"parent":0,"menu_order":0,"comment_status":"closed","ping_status":"closed","template":"page-fullwidth.php","meta":[],"_links":{"self":[{"href":"https:\/\/www.clemens-fm.de\/index.php\/wp-json\/wp\/v2\/pages\/159"}],"collection":[{"href":"https:\/\/www.clemens-fm.de\/index.php\/wp-json\/wp\/v2\/pages"}],"about":[{"href":"https:\/\/www.clemens-fm.de\/index.php\/wp-json\/wp\/v2\/types\/page"}],"author":[{"embeddable":true,"href":"https:\/\/www.clemens-fm.de\/index.php\/wp-json\/wp\/v2\/users\/1"}],"replies":[{"embeddable":true,"href":"https:\/\/www.clemens-fm.de\/index.php\/wp-json\/wp\/v2\/comments?post=159"}],"version-history":[{"count":5,"href":"https:\/\/www.clemens-fm.de\/index.php\/wp-json\/wp\/v2\/pages\/159\/revisions"}],"predecessor-version":[{"id":353,"href":"https:\/\/www.clemens-fm.de\/index.php\/wp-json\/wp\/v2\/pages\/159\/revisions\/353"}],"wp:featuredmedia":[{"embeddable":true,"href":"https:\/\/www.clemens-fm.de\/index.php\/wp-json\/wp\/v2\/media\/208"}],"wp:attachment":[{"href":"https:\/\/www.clemens-fm.de\/index.php\/wp-json\/wp\/v2\/media?parent=159"}],"curies":[{"name":"wp","href":"https:\/\/api.w.org\/{rel}","templated":true}]}}