{"id":157,"date":"2019-08-02T13:29:54","date_gmt":"2019-08-02T11:29:54","guid":{"rendered":"http:\/\/sig-media.com\/cfm\/?page_id=157"},"modified":"2019-08-19T14:59:55","modified_gmt":"2019-08-19T12:59:55","slug":"edelstahl","status":"publish","type":"page","link":"https:\/\/www.clemens-fm.de\/index.php\/edelstahl\/","title":{"rendered":"Edelstahl"},"content":{"rendered":"<p><img decoding=\"async\" loading=\"lazy\" class=\"alignright size-full wp-image-356\" src=\"http:\/\/www.clemens-fm.de\/wp-content\/uploads\/2019\/08\/edelstahl.jpg\" alt=\"\" width=\"321\" height=\"442\" srcset=\"https:\/\/www.clemens-fm.de\/wp-content\/uploads\/2019\/08\/edelstahl.jpg 321w, https:\/\/www.clemens-fm.de\/wp-content\/uploads\/2019\/08\/edelstahl-218x300.jpg 218w, https:\/\/www.clemens-fm.de\/wp-content\/uploads\/2019\/08\/edelstahl-58x80.jpg 58w\" sizes=\"(max-width: 321px) 100vw, 321px\" \/>Als <strong>Edelstahl<\/strong> werden nach DIN EN 10020 legierte oder unlegierte <a href=\"https:\/\/www.chemie.de\/lexikon\/Stahl.html\" target=\"_blank\" rel=\"noopener noreferrer\">St\u00e4hle<\/a> mit besonderem Reinheitsgrad, zum Beispiel St\u00e4hle, deren <a href=\"https:\/\/www.chemie.de\/lexikon\/Schwefel.html\" target=\"_blank\" rel=\"noopener noreferrer\">Schwefel<\/a>&#8211; und <a href=\"https:\/\/www.chemie.de\/lexikon\/Phosphor.html\" target=\"_blank\" rel=\"noopener noreferrer\">Phosphorgehalt<\/a> (sog. Eisenbegleiter) 0,025 % nicht \u00fcbersteigt, bezeichnet. H\u00e4ufig sind nach der Erstgewinnung der St\u00e4hle weitere <a href=\"https:\/\/www.chemie.de\/lexikon\/W%C3%A4rmebehandlung.html\" target=\"_blank\" rel=\"noopener noreferrer\">W\u00e4rmebehandlungen<\/a> (z.B. <a href=\"https:\/\/www.chemie.de\/lexikon\/Verg%C3%BCten.html\" target=\"_blank\" rel=\"noopener noreferrer\">Verg\u00fcten<\/a>) vorgesehen, die besondere Stahleigenschaften erzeugen.<\/p>\n<p>Die Grundannahmen, dass es sich bei Edelstahl um chemisch besonders reinen, rostfreien oder nichtrostenden Stahl handelt, ist ungenau bzw. falsch. Ein Edelstahl muss nicht zwangsl\u00e4ufig den Anforderungen eines <a href=\"https:\/\/www.chemie.de\/lexikon\/Rostfreier_Stahl.html\" target=\"_blank\" rel=\"noopener noreferrer\">nichtrostenden Stahls<\/a> entsprechen. Trotzdem werden im Alltag h\u00e4ufig nur rostfreie St\u00e4hle als Edelst\u00e4hle bezeichnet. Ebenso muss ein rostfreier Stahl nicht unbedingt auch ein Edelstahl sein. Der Legierungsbestandteil-Anteil der verschiedenen Sorten Edelstahl (niedrig- oder hochlegiert) ist jedoch genauestens definiert.<\/p>\n<p>&nbsp;<\/p>\n<p><a class=\"blaubutton\" href=\"http:\/\/www.clemens-fm.de\/index.php\/technische-kunststoffe\/\">Technische Kunststoffe <\/a><\/p>\n<p><a class=\"blaubutton\" href=\"http:\/\/www.clemens-fm.de\/index.php\/aluminium\/\">Aluminium<\/a><\/p>\n<p><a class=\"blaubutton\" href=\"http:\/\/www.clemens-fm.de\/index.php\/stahl\/\">Stahl<\/a><\/p>\n<p><a class=\"blaubutton\" href=\"http:\/\/www.clemens-fm.de\/index.php\/andere-metalle-ne-metalle\/\">Andere Metalle<\/a><\/p>\n","protected":false},"excerpt":{"rendered":"<p>Als Edelstahl werden nach DIN EN 10020 legierte oder unlegierte St\u00e4hle mit besonderem Reinheitsgrad, zum Beispiel St\u00e4hle, deren Schwefel&#8211; und Phosphorgehalt (sog. Eisenbegleiter) 0,025 % nicht \u00fcbersteigt, bezeichnet. H\u00e4ufig sind nach der Erstgewinnung der St\u00e4hle weitere W\u00e4rmebehandlungen (z.B. Verg\u00fcten) vorgesehen, die besondere Stahleigenschaften erzeugen. Die Grundannahmen, dass es sich bei [&hellip;]<\/p>\n","protected":false},"author":1,"featured_media":208,"parent":0,"menu_order":0,"comment_status":"closed","ping_status":"closed","template":"page-fullwidth.php","meta":[],"_links":{"self":[{"href":"https:\/\/www.clemens-fm.de\/index.php\/wp-json\/wp\/v2\/pages\/157"}],"collection":[{"href":"https:\/\/www.clemens-fm.de\/index.php\/wp-json\/wp\/v2\/pages"}],"about":[{"href":"https:\/\/www.clemens-fm.de\/index.php\/wp-json\/wp\/v2\/types\/page"}],"author":[{"embeddable":true,"href":"https:\/\/www.clemens-fm.de\/index.php\/wp-json\/wp\/v2\/users\/1"}],"replies":[{"embeddable":true,"href":"https:\/\/www.clemens-fm.de\/index.php\/wp-json\/wp\/v2\/comments?post=157"}],"version-history":[{"count":4,"href":"https:\/\/www.clemens-fm.de\/index.php\/wp-json\/wp\/v2\/pages\/157\/revisions"}],"predecessor-version":[{"id":357,"href":"https:\/\/www.clemens-fm.de\/index.php\/wp-json\/wp\/v2\/pages\/157\/revisions\/357"}],"wp:featuredmedia":[{"embeddable":true,"href":"https:\/\/www.clemens-fm.de\/index.php\/wp-json\/wp\/v2\/media\/208"}],"wp:attachment":[{"href":"https:\/\/www.clemens-fm.de\/index.php\/wp-json\/wp\/v2\/media?parent=157"}],"curies":[{"name":"wp","href":"https:\/\/api.w.org\/{rel}","templated":true}]}}