{"id":153,"date":"2019-08-02T13:29:13","date_gmt":"2019-08-02T11:29:13","guid":{"rendered":"http:\/\/sig-media.com\/cfm\/?page_id=153"},"modified":"2019-08-28T13:37:27","modified_gmt":"2019-08-28T11:37:27","slug":"aluminium","status":"publish","type":"page","link":"https:\/\/www.clemens-fm.de\/index.php\/aluminium\/","title":{"rendered":"Aluminium"},"content":{"rendered":"<p><strong><img decoding=\"async\" loading=\"lazy\" class=\"alignright size-full wp-image-358\" src=\"http:\/\/www.clemens-fm.de\/wp-content\/uploads\/2019\/08\/alu.jpg\" alt=\"\" width=\"321\" height=\"442\" srcset=\"https:\/\/www.clemens-fm.de\/wp-content\/uploads\/2019\/08\/alu.jpg 321w, https:\/\/www.clemens-fm.de\/wp-content\/uploads\/2019\/08\/alu-218x300.jpg 218w, https:\/\/www.clemens-fm.de\/wp-content\/uploads\/2019\/08\/alu-58x80.jpg 58w\" sizes=\"(max-width: 321px) 100vw, 321px\" \/>Aluminium<\/strong> (im angloamerikanischen Sprachraum vielfach auch <strong>Aluminum<\/strong>)<a href=\"https:\/\/de.wikipedia.org\/wiki\/Aluminium#cite_note-Totten-20\" target=\"_blank\" rel=\"noopener noreferrer\"><sup>[20]<\/sup><\/a> ist ein <a href=\"https:\/\/de.wikipedia.org\/wiki\/Chemisches_Element\" target=\"_blank\" rel=\"noopener noreferrer\">chemisches Element<\/a> mit dem <a href=\"https:\/\/de.wikipedia.org\/wiki\/Elementsymbol\" target=\"_blank\" rel=\"noopener noreferrer\">Elementsymbol<\/a> <strong>Al<\/strong> und der <a href=\"https:\/\/de.wikipedia.org\/wiki\/Ordnungszahl\" target=\"_blank\" rel=\"noopener noreferrer\">Ordnungszahl<\/a> 13. Im <a href=\"https:\/\/de.wikipedia.org\/wiki\/Periodensystem\" target=\"_blank\" rel=\"noopener noreferrer\">Periodensystem<\/a> geh\u00f6rt Aluminium zur dritten <a href=\"https:\/\/de.wikipedia.org\/wiki\/Hauptgruppe\" target=\"_blank\" rel=\"noopener noreferrer\">Hauptgruppe<\/a> und zur 13. <a href=\"https:\/\/de.wikipedia.org\/wiki\/Gruppe_des_Periodensystems\" target=\"_blank\" rel=\"noopener noreferrer\">IUPAC-Gruppe<\/a>, der <a href=\"https:\/\/de.wikipedia.org\/wiki\/Borgruppe\" target=\"_blank\" rel=\"noopener noreferrer\">Borgruppe<\/a>, die fr\u00fcher auch als <em>Gruppe der Erdmetalle<\/em> bezeichnet wurde. Es gibt zahlreiche <a href=\"https:\/\/de.wikipedia.org\/wiki\/Aluminiumverbindungen\" target=\"_blank\" rel=\"noopener noreferrer\">Aluminiumverbindungen<\/a>.<\/p>\n<p>Aluminium ist ein silbrig-wei\u00dfes <a href=\"https:\/\/de.wikipedia.org\/wiki\/Leichtmetall\" target=\"_blank\" rel=\"noopener noreferrer\">Leichtmetall<\/a>. In der <a href=\"https:\/\/de.wikipedia.org\/wiki\/Erdh%C3%BClle\" target=\"_blank\" rel=\"noopener noreferrer\">Erdh\u00fclle<\/a> ist es, nach <a href=\"https:\/\/de.wikipedia.org\/wiki\/Sauerstoff\" target=\"_blank\" rel=\"noopener noreferrer\">Sauerstoff<\/a> und <a href=\"https:\/\/de.wikipedia.org\/wiki\/Silicium\" target=\"_blank\" rel=\"noopener noreferrer\">Silicium<\/a>, das <a href=\"https:\/\/de.wikipedia.org\/wiki\/Liste_der_H%C3%A4ufigkeiten_chemischer_Elemente#H\u00e4ufigkeiten_auf_der_Erde\" target=\"_blank\" rel=\"noopener noreferrer\">dritth\u00e4ufigste Element<\/a> und in der <a href=\"https:\/\/de.wikipedia.org\/wiki\/Erdkruste\" target=\"_blank\" rel=\"noopener noreferrer\">Erdkruste<\/a> das h\u00e4ufigste Metall.<\/p>\n<p>In der <a href=\"https:\/\/de.wikipedia.org\/wiki\/Werkstofftechnik\" target=\"_blank\" rel=\"noopener noreferrer\">Werkstofftechnik<\/a> werden mit \u201eAluminium\u201c alle <a href=\"https:\/\/de.wikipedia.org\/wiki\/Werkstoff\" target=\"_blank\" rel=\"noopener noreferrer\">Werkstoffe<\/a> auf Basis des Elementes Aluminium verstanden. Dazu z\u00e4hlt Reinaluminium (mindestens 99,0 % Al), Reinstaluminium (min 99,7 % Al) und insbesondere die <a href=\"https:\/\/de.wikipedia.org\/wiki\/Aluminiumlegierung\" target=\"_blank\" rel=\"noopener noreferrer\">Aluminiumlegierungen<\/a>, die <a href=\"https:\/\/de.wikipedia.org\/wiki\/Festigkeit\" target=\"_blank\" rel=\"noopener noreferrer\">Festigkeiten<\/a> besitzen, die mit Stahl vergleichbar sind, bei nur einem Drittel seiner Dichte.<\/p>\n<p>Entdeckt wurde Aluminium, das in der Natur nur in Form von chemischen Verbindungen, aber nicht als Metall vorkommt, im fr\u00fchen 19. Jahrhundert. Im fr\u00fchen 20. Jahrhundert setzte die industrielle Massenproduktion ein.<\/p>\n<p>Die Gewinnung erfolgt in <a href=\"https:\/\/de.wikipedia.org\/wiki\/Aluminiumh%C3%BCtte\" target=\"_blank\" rel=\"noopener noreferrer\">Aluminiumh\u00fctten<\/a> ausgehend von dem Mineral <a href=\"https:\/\/de.wikipedia.org\/wiki\/Bauxit\" target=\"_blank\" rel=\"noopener noreferrer\">Bauxit<\/a> zun\u00e4chst im <a href=\"https:\/\/de.wikipedia.org\/wiki\/Bayer-Verfahren\" target=\"_blank\" rel=\"noopener noreferrer\">Bayer-Verfahren<\/a>, mit dem <a href=\"https:\/\/de.wikipedia.org\/wiki\/Aluminiumoxid\" target=\"_blank\" rel=\"noopener noreferrer\">Aluminiumoxid<\/a> gewonnen wird, und anschlie\u00dfend im <a href=\"https:\/\/de.wikipedia.org\/wiki\/Hall-H%C3%A9roult-Prozess\" target=\"_blank\" rel=\"noopener noreferrer\">Hall-H\u00e9roult-Prozess<\/a> einer <a href=\"https:\/\/de.wikipedia.org\/wiki\/Schmelzflusselektrolyse\" target=\"_blank\" rel=\"noopener noreferrer\">Schmelzflusselektrolyse<\/a>, bei der Aluminium gewonnen wird. Der Gewinnungsprozess ist sehr als energieintensiv bekannt.<\/p>\n<p>Das Metall ist sehr <a href=\"https:\/\/de.wikipedia.org\/wiki\/Edelmetalle#Unedle_Metalle\" target=\"_blank\" rel=\"noopener noreferrer\">unedel<\/a> und reagiert an frisch angeschnittenen Stellen bei Raumtemperatur mit Luft und Wasser zu <a href=\"https:\/\/de.wikipedia.org\/wiki\/Aluminiumoxid\" target=\"_blank\" rel=\"noopener noreferrer\">Aluminiumoxid<\/a>. Dies bildet aber sofort eine d\u00fcnne, f\u00fcr Luft und Wasser undurchl\u00e4ssige Schicht (<a href=\"https:\/\/de.wikipedia.org\/wiki\/Passivierung\" target=\"_blank\" rel=\"noopener noreferrer\">Passivierung<\/a>) und sch\u00fctzt so das Aluminium vor <a href=\"https:\/\/de.wikipedia.org\/wiki\/Korrosion\" target=\"_blank\" rel=\"noopener noreferrer\">Korrosion<\/a>. Reines Aluminium weist eine geringe Festigkeit auf; bei Legierungen ist sie deutlich h\u00f6her. Die elektrische und thermische Leitf\u00e4higkeit ist hoch, weshalb Aluminium auch f\u00fcr leichte Kabel und W\u00e4rmetauscher verwendet wird.<\/p>\n<p>In der Feinwerkmechanik ist Aluminium besonders wegen des geringen Gewichtes und der einfachen Bearbeitungseigenschaften gesch\u00e4tzt.<\/p>\n<p>&nbsp;<\/p>\n<p><a class=\"blaubutton\" href=\"http:\/\/www.clemens-fm.de\/index.php\/technische-kunststoffe\/\">Technische Kunststoffe <\/a><\/p>\n<p><a class=\"blaubutton\" href=\"http:\/\/www.clemens-fm.de\/index.php\/stahl\/\">Stahl<\/a><\/p>\n<p><a class=\"blaubutton\" href=\"http:\/\/www.clemens-fm.de\/index.php\/edelstahl\/\">Edelstahl<\/a><\/p>\n<p><a class=\"blaubutton\" href=\"http:\/\/www.clemens-fm.de\/index.php\/andere-metalle-ne-metalle\/\">Andere Metalle<\/a><\/p>\n","protected":false},"excerpt":{"rendered":"<p>Aluminium (im angloamerikanischen Sprachraum vielfach auch Aluminum)[20] ist ein chemisches Element mit dem Elementsymbol Al und der Ordnungszahl 13. Im Periodensystem geh\u00f6rt Aluminium zur dritten Hauptgruppe und zur 13. IUPAC-Gruppe, der Borgruppe, die fr\u00fcher auch als Gruppe der Erdmetalle bezeichnet wurde. Es gibt zahlreiche Aluminiumverbindungen. Aluminium ist ein silbrig-wei\u00dfes Leichtmetall. [&hellip;]<\/p>\n","protected":false},"author":1,"featured_media":208,"parent":0,"menu_order":0,"comment_status":"closed","ping_status":"closed","template":"page-fullwidth.php","meta":[],"_links":{"self":[{"href":"https:\/\/www.clemens-fm.de\/index.php\/wp-json\/wp\/v2\/pages\/153"}],"collection":[{"href":"https:\/\/www.clemens-fm.de\/index.php\/wp-json\/wp\/v2\/pages"}],"about":[{"href":"https:\/\/www.clemens-fm.de\/index.php\/wp-json\/wp\/v2\/types\/page"}],"author":[{"embeddable":true,"href":"https:\/\/www.clemens-fm.de\/index.php\/wp-json\/wp\/v2\/users\/1"}],"replies":[{"embeddable":true,"href":"https:\/\/www.clemens-fm.de\/index.php\/wp-json\/wp\/v2\/comments?post=153"}],"version-history":[{"count":6,"href":"https:\/\/www.clemens-fm.de\/index.php\/wp-json\/wp\/v2\/pages\/153\/revisions"}],"predecessor-version":[{"id":407,"href":"https:\/\/www.clemens-fm.de\/index.php\/wp-json\/wp\/v2\/pages\/153\/revisions\/407"}],"wp:featuredmedia":[{"embeddable":true,"href":"https:\/\/www.clemens-fm.de\/index.php\/wp-json\/wp\/v2\/media\/208"}],"wp:attachment":[{"href":"https:\/\/www.clemens-fm.de\/index.php\/wp-json\/wp\/v2\/media?parent=153"}],"curies":[{"name":"wp","href":"https:\/\/api.w.org\/{rel}","templated":true}]}}