{"id":151,"date":"2019-08-02T13:28:43","date_gmt":"2019-08-02T11:28:43","guid":{"rendered":"http:\/\/sig-media.com\/cfm\/?page_id=151"},"modified":"2019-08-22T10:47:52","modified_gmt":"2019-08-22T08:47:52","slug":"technische-kunststoffe","status":"publish","type":"page","link":"https:\/\/www.clemens-fm.de\/index.php\/technische-kunststoffe\/","title":{"rendered":"Technische Kunststoffe"},"content":{"rendered":"<p><img decoding=\"async\" loading=\"lazy\" class=\"alignright size-full wp-image-360\" src=\"http:\/\/www.clemens-fm.de\/wp-content\/uploads\/2019\/08\/plaste.jpg\" alt=\"\" width=\"321\" height=\"442\" srcset=\"https:\/\/www.clemens-fm.de\/wp-content\/uploads\/2019\/08\/plaste.jpg 321w, https:\/\/www.clemens-fm.de\/wp-content\/uploads\/2019\/08\/plaste-218x300.jpg 218w, https:\/\/www.clemens-fm.de\/wp-content\/uploads\/2019\/08\/plaste-58x80.jpg 58w\" sizes=\"(max-width: 321px) 100vw, 321px\" \/>Als <strong>Kunststoffe<\/strong> (auch <strong>Plaste<\/strong><a href=\"https:\/\/de.wikipedia.org\/wiki\/Kunststoff#cite_note-1\" target=\"_blank\" rel=\"noopener noreferrer\"><sup>[1]<\/sup><\/a>, selten <strong>Technopolymere<\/strong>, umgangssprachlich <strong>Plastik<\/strong>) werden <a href=\"https:\/\/de.wikipedia.org\/wiki\/Werkstoff\" target=\"_blank\" rel=\"noopener noreferrer\">Werkstoffe<\/a> bezeichnet, die haupts\u00e4chlich aus <a href=\"https:\/\/de.wikipedia.org\/wiki\/Makromolek%C3%BCl\" target=\"_blank\" rel=\"noopener noreferrer\">Makromolek\u00fclen<\/a> bestehen.<\/p>\n<p>Die jeweiligen Makromolek\u00fcle eines Kunststoffes sind <a href=\"https:\/\/de.wikipedia.org\/wiki\/Polymer\" target=\"_blank\" rel=\"noopener noreferrer\">Polymere<\/a> und daher aus <a href=\"https:\/\/de.wikipedia.org\/wiki\/Konstitutionelle_Repetiereinheit\" target=\"_blank\" rel=\"noopener noreferrer\">wiederholenden Grundeinheiten<\/a> aufgebaut. Die Gr\u00f6\u00dfe der Makromolek\u00fcle eines Polymers variiert zwischen einigen tausend bis \u00fcber eine Million Grundeinheiten. Beispielsweise besteht das Polymer <a href=\"https:\/\/de.wikipedia.org\/wiki\/Polypropylen\" target=\"_blank\" rel=\"noopener noreferrer\">Polypropylen<\/a> (<a href=\"https:\/\/de.wikipedia.org\/wiki\/Kurzzeichen_(Kunststoff)\" target=\"_blank\" rel=\"noopener noreferrer\">Kurzzeichen<\/a> PP) aus sich vielfach wiederholenden Propyleneinheiten. Die Polymere k\u00f6nnen unverzweigte, verzweigte oder <a href=\"https:\/\/de.wikipedia.org\/wiki\/Vernetzung_(Chemie)\" target=\"_blank\" rel=\"noopener noreferrer\">vernetzte<\/a> Molek\u00fcle sein.<\/p>\n<p><strong>Zu den wichtigsten technischen Kunststoffen z\u00e4hlen u.a.<\/strong><\/p>\n<p><a href=\"https:\/\/www.kunststoffe.de\/themen\/basics\/technische-kunststoffe#subitemKey_0\" target=\"_blank\" rel=\"noopener noreferrer\">Polyamid (PA)<\/a><\/p>\n<p><a href=\"https:\/\/www.kunststoffe.de\/themen\/basics\/technische-kunststoffe#subitemKey_1\" target=\"_blank\" rel=\"noopener noreferrer\">Polybutylenterephthalat (PBT)<\/a><\/p>\n<p><a href=\"https:\/\/www.kunststoffe.de\/themen\/basics\/technische-kunststoffe#subitemKey_2\" target=\"_blank\" rel=\"noopener noreferrer\">Polycarbonat (PC)<\/a>, <a href=\"https:\/\/www.kunststoffe.de\/themen\/basics\/technische-kunststoffe#subitemKey_3\" target=\"_blank\" rel=\"noopener noreferrer\">Polyethylenterephthalat (PET)<\/a><\/p>\n<p><a href=\"https:\/\/www.kunststoffe.de\/themen\/basics\/technische-kunststoffe#subitemKey_4\" target=\"_blank\" rel=\"noopener noreferrer\">Polymethylmethacrylat (PMMA)<\/a><\/p>\n<p><a href=\"https:\/\/www.kunststoffe.de\/themen\/basics\/technische-kunststoffe#subitemKey_5\" target=\"_blank\" rel=\"noopener noreferrer\">Polyoxymethylen (POM)<\/a><\/p>\n<p><a href=\"https:\/\/www.kunststoffe.de\/themen\/basics\/technische-kunststoffe#subitemKey_6\" target=\"_blank\" rel=\"noopener noreferrer\">Acrylnitril-Butadien-Styrol (AB)<\/a><\/p>\n<p>&nbsp;<\/p>\n<p>Wichtige Merkmale von Kunststoffen sind ihre technischen Eigenschaften, wie Formbarkeit, <a href=\"https:\/\/de.wikipedia.org\/wiki\/H%C3%A4rte\" target=\"_blank\" rel=\"noopener noreferrer\">H\u00e4rte<\/a>, <a href=\"https:\/\/de.wikipedia.org\/wiki\/Elastizit%C3%A4t_(Physik)\" target=\"_blank\" rel=\"noopener noreferrer\">Elastizit\u00e4t<\/a>, <a href=\"https:\/\/de.wikipedia.org\/wiki\/Bruchfestigkeit\" target=\"_blank\" rel=\"noopener noreferrer\">Bruchfestigkeit<\/a>, <a href=\"https:\/\/de.wikipedia.org\/wiki\/Temperatur\" target=\"_blank\" rel=\"noopener noreferrer\">Temperatur<\/a>-, <a href=\"https:\/\/de.wikipedia.org\/wiki\/W%C3%A4rmeformbest%C3%A4ndigkeit\" target=\"_blank\" rel=\"noopener noreferrer\">W\u00e4rmeformbest\u00e4ndigkeit<\/a> und <a href=\"https:\/\/de.wikipedia.org\/wiki\/Chemische_Best%C3%A4ndigkeit\" target=\"_blank\" rel=\"noopener noreferrer\">chemische Best\u00e4ndigkeit<\/a>, die sich durch die Wahl der Makromolek\u00fcle, Herstellungsverfahren und in der Regel durch Beimischung von <a href=\"https:\/\/de.wikipedia.org\/wiki\/Additiv\" target=\"_blank\" rel=\"noopener noreferrer\">Additiven<\/a> in weiten Grenzen variieren lassen. Kunststoffe werden bez\u00fcglich ihrer physikalischen Eigenschaften in drei gro\u00dfen Gruppen unterteilt: <a href=\"https:\/\/de.wikipedia.org\/wiki\/Thermoplast\" target=\"_blank\" rel=\"noopener noreferrer\">Thermoplaste<\/a>, <a href=\"https:\/\/de.wikipedia.org\/wiki\/Duroplast\" target=\"_blank\" rel=\"noopener noreferrer\">Duroplaste<\/a> und <a href=\"https:\/\/de.wikipedia.org\/wiki\/Elastomer\" target=\"_blank\" rel=\"noopener noreferrer\">Elastomere<\/a>.<\/p>\n<p>In der Feinwerkmechanik werden Kunststoffe f\u00fcr Formteile verwendet, die \u00fcber besondere Grundeigenschaften in punkto Elastizit\u00e4t, Bruchfestigkeit verf\u00fcgen sollen.<\/p>\n<p>&nbsp;<\/p>\n<p><a class=\"blaubutton\" href=\"http:\/\/www.clemens-fm.de\/index.php\/aluminium\/\">Aluminium<\/a><\/p>\n<p><a class=\"blaubutton\" href=\"http:\/\/www.clemens-fm.de\/index.php\/stahl\/\">Stahl<\/a><\/p>\n<p><a class=\"blaubutton\" href=\"http:\/\/www.clemens-fm.de\/index.php\/edelstahl\/\">Edelstahl<\/a><\/p>\n<p><a class=\"blaubutton\" href=\"http:\/\/www.clemens-fm.de\/index.php\/andere-metalle-ne-metalle\/\">Andere Metalle<\/a><\/p>\n","protected":false},"excerpt":{"rendered":"<p>Als Kunststoffe (auch Plaste[1], selten Technopolymere, umgangssprachlich Plastik) werden Werkstoffe bezeichnet, die haupts\u00e4chlich aus Makromolek\u00fclen bestehen. Die jeweiligen Makromolek\u00fcle eines Kunststoffes sind Polymere und daher aus wiederholenden Grundeinheiten aufgebaut. Die Gr\u00f6\u00dfe der Makromolek\u00fcle eines Polymers variiert zwischen einigen tausend bis \u00fcber eine Million Grundeinheiten. Beispielsweise besteht das Polymer Polypropylen (Kurzzeichen [&hellip;]<\/p>\n","protected":false},"author":1,"featured_media":208,"parent":0,"menu_order":0,"comment_status":"closed","ping_status":"closed","template":"page-fullwidth.php","meta":[],"_links":{"self":[{"href":"https:\/\/www.clemens-fm.de\/index.php\/wp-json\/wp\/v2\/pages\/151"}],"collection":[{"href":"https:\/\/www.clemens-fm.de\/index.php\/wp-json\/wp\/v2\/pages"}],"about":[{"href":"https:\/\/www.clemens-fm.de\/index.php\/wp-json\/wp\/v2\/types\/page"}],"author":[{"embeddable":true,"href":"https:\/\/www.clemens-fm.de\/index.php\/wp-json\/wp\/v2\/users\/1"}],"replies":[{"embeddable":true,"href":"https:\/\/www.clemens-fm.de\/index.php\/wp-json\/wp\/v2\/comments?post=151"}],"version-history":[{"count":8,"href":"https:\/\/www.clemens-fm.de\/index.php\/wp-json\/wp\/v2\/pages\/151\/revisions"}],"predecessor-version":[{"id":372,"href":"https:\/\/www.clemens-fm.de\/index.php\/wp-json\/wp\/v2\/pages\/151\/revisions\/372"}],"wp:featuredmedia":[{"embeddable":true,"href":"https:\/\/www.clemens-fm.de\/index.php\/wp-json\/wp\/v2\/media\/208"}],"wp:attachment":[{"href":"https:\/\/www.clemens-fm.de\/index.php\/wp-json\/wp\/v2\/media?parent=151"}],"curies":[{"name":"wp","href":"https:\/\/api.w.org\/{rel}","templated":true}]}}