{"id":144,"date":"2019-08-02T13:26:46","date_gmt":"2019-08-02T11:26:46","guid":{"rendered":"http:\/\/sig-media.com\/cfm\/?page_id=144"},"modified":"2019-08-19T14:49:25","modified_gmt":"2019-08-19T12:49:25","slug":"schleifen-rund-schleifen-und-flachschleifen","status":"publish","type":"page","link":"https:\/\/www.clemens-fm.de\/index.php\/schleifen-rund-schleifen-und-flachschleifen\/","title":{"rendered":"Schleifen \u2013 Rundschleifen und Flachschleifen"},"content":{"rendered":"<p><strong>Schleifen<\/strong> ist ein seit dem Altertum bekanntes <a href=\"https:\/\/de.wikipedia.org\/wiki\/Zerspanen\" target=\"_blank\" rel=\"noopener noreferrer\">spanendes<\/a> <a href=\"https:\/\/de.wikipedia.org\/wiki\/Fertigungsverfahren\" target=\"_blank\" rel=\"noopener noreferrer\">Fertigungsverfahren<\/a> zur Fein- und Fertigbearbeitung von Werkst\u00fccken. Es l\u00e4sst sich manuell oder auf <a href=\"https:\/\/de.wikipedia.org\/wiki\/Schleifmaschine\" target=\"_blank\" rel=\"noopener noreferrer\">Schleifmaschinen<\/a> anwenden. Wie bei allen spanenden Verfahren wird dabei \u00fcbersch\u00fcssiges Material in Form von <a href=\"https:\/\/de.wikipedia.org\/wiki\/Metallspan\" target=\"_blank\" rel=\"noopener noreferrer\">Sp\u00e4nen<\/a> abgetrennt. Als Schneiden fungieren dabei die Kanten der mikroskopisch kleinen, harten, mineralischen Kristalle im Schleifwerkzeug. Schleifwerkzeuge bestanden im Altertum aus geeigneten Steinsorten wie etwa <a href=\"https:\/\/de.wikipedia.org\/wiki\/M%C3%BChlsandstein\" target=\"_blank\" rel=\"noopener noreferrer\">M\u00fchlsandstein<\/a>. Heute werden Schleifwerkzeuge in der Regel industriell hergestellt, indem mineralisches <a href=\"https:\/\/de.wikipedia.org\/wiki\/Sch%C3%BCttgut\" target=\"_blank\" rel=\"noopener noreferrer\">Sch\u00fcttgut<\/a> wie zum Beispiel <a href=\"https:\/\/de.wikipedia.org\/wiki\/Korund\" target=\"_blank\" rel=\"noopener noreferrer\">Korund<\/a> mit einem <a href=\"https:\/\/de.wikipedia.org\/wiki\/Bindemittel\" target=\"_blank\" rel=\"noopener noreferrer\">Bindemittel<\/a> zu <a href=\"https:\/\/de.wikipedia.org\/wiki\/Schleifscheibe\" target=\"_blank\" rel=\"noopener noreferrer\">Schleifscheiben<\/a>, <a href=\"https:\/\/de.wikipedia.org\/wiki\/Schleifstein\" target=\"_blank\" rel=\"noopener noreferrer\">-steinen<\/a> oder <a href=\"https:\/\/de.wikipedia.org\/wiki\/Schleifband\" target=\"_blank\" rel=\"noopener noreferrer\">-b\u00e4ndern<\/a> gef\u00fcgt wird.<\/p>\n<p><img decoding=\"async\" loading=\"lazy\" class=\"alignnone size-full wp-image-202\" src=\"http:\/\/www.clemens-fm.de\/wp-content\/uploads\/2019\/08\/Schleifen_1.jpg\" alt=\"\" width=\"800\" height=\"533\" srcset=\"https:\/\/www.clemens-fm.de\/wp-content\/uploads\/2019\/08\/Schleifen_1.jpg 800w, https:\/\/www.clemens-fm.de\/wp-content\/uploads\/2019\/08\/Schleifen_1-300x200.jpg 300w, https:\/\/www.clemens-fm.de\/wp-content\/uploads\/2019\/08\/Schleifen_1-768x512.jpg 768w, https:\/\/www.clemens-fm.de\/wp-content\/uploads\/2019\/08\/Schleifen_1-120x80.jpg 120w\" sizes=\"(max-width: 800px) 100vw, 800px\" \/><\/p>\n<p>Schleifen z\u00e4hlt gemeinsam mit dem <a href=\"https:\/\/de.wikipedia.org\/wiki\/Honen\" target=\"_blank\" rel=\"noopener noreferrer\">Honen<\/a> zum Spanen mit gebundenem Korn, w\u00e4hrend beim <a href=\"https:\/\/de.wikipedia.org\/wiki\/L%C3%A4ppen\" target=\"_blank\" rel=\"noopener noreferrer\">L\u00e4ppen<\/a> und <a href=\"https:\/\/de.wikipedia.org\/wiki\/Gleitspanen\" target=\"_blank\" rel=\"noopener noreferrer\">Gleitspanen<\/a> das Korn lose vorliegt. Da die Anzahl der im Eingriff befindlichen K\u00f6rner ebenso wenig bekannt ist wie ihre Geometrie oder Lage zum Werkst\u00fcck, z\u00e4hlt das Schleifen, wie auch das Honen und L\u00e4ppen zum <a href=\"https:\/\/de.wikipedia.org\/wiki\/Spanen_mit_geometrisch_unbestimmter_Schneide\" target=\"_blank\" rel=\"noopener noreferrer\">Spanen mit geometrisch unbestimmter Schneide<\/a>. Es ist jedoch bekannt, dass die meisten K\u00f6rner einen negativen <a href=\"https:\/\/de.wikipedia.org\/wiki\/Spanwinkel\" target=\"_blank\" rel=\"noopener noreferrer\">Spanwinkel<\/a> aufweisen.<a href=\"https:\/\/de.wikipedia.org\/wiki\/Schleifen_(Fertigungsverfahren)#cite_note-1\" target=\"_blank\" rel=\"noopener noreferrer\"><sup>[1]<\/sup><\/a> Die beim Schleifen als Neben- bzw. Abfallprodukt entstehenden Sp\u00e4ne werden als <a href=\"https:\/\/de.wikipedia.org\/wiki\/Schleifstaub\" target=\"_blank\" rel=\"noopener noreferrer\">Schleifstaub<\/a> bezeichnet.<\/p>\n<p>Das Schleifen eignet sich auch f\u00fcr harte Werkstoffe wie geh\u00e4rteten Stahl oder Keramik, die bis zum Ende des 20. Jahrhunderts durch <a href=\"https:\/\/de.wikipedia.org\/wiki\/Spanen_mit_geometrisch_bestimmter_Schneide\" target=\"_blank\" rel=\"noopener noreferrer\">Spanen mit geometrisch bestimmter Schneide<\/a> wie das <a href=\"https:\/\/de.wikipedia.org\/wiki\/Drehen_(Verfahren)\" target=\"_blank\" rel=\"noopener noreferrer\">Drehen<\/a>, <a href=\"https:\/\/de.wikipedia.org\/wiki\/Fr%C3%A4sen\" target=\"_blank\" rel=\"noopener noreferrer\">Fr\u00e4sen<\/a> oder <a href=\"https:\/\/de.wikipedia.org\/wiki\/Bohren\" target=\"_blank\" rel=\"noopener noreferrer\">Bohren<\/a> nicht zu bearbeiten waren. Daher wurde und wird \u00fcblicherweise die gew\u00fcnschte Form der Werkst\u00fccke zun\u00e4chst im weichen Zustand durch diese Verfahren grob herausgearbeitet, um nach dem <a href=\"https:\/\/de.wikipedia.org\/wiki\/H%C3%A4rten_(Stahl)\" target=\"_blank\" rel=\"noopener noreferrer\">H\u00e4rten<\/a> durch Schleifen die Endform und Oberfl\u00e4chenqualit\u00e4t zu erreichen. Seitdem <a href=\"https:\/\/de.wikipedia.org\/wiki\/Hartzerspanen\" target=\"_blank\" rel=\"noopener noreferrer\">Hartzerspanen<\/a> einerseits und immer leistungsf\u00e4higeren Schleifprozessen andererseits verschwimmt diese Grenze zusehends.<\/p>\n<p><a class=\"blaubutton\" href=\"http:\/\/www.clemens-fm.de\/index.php\/drehen\/\">Drehen<\/a><\/p>\n<p><a class=\"blaubutton\" href=\"http:\/\/www.clemens-fm.de\/index.php\/fraesen\/\">Fr\u00e4sen<\/a><\/p>\n<p><a class=\"blaubutton\" href=\"http:\/\/www.clemens-fm.de\/index.php\/bohren\/\">Bohren<\/a><\/p>\n","protected":false},"excerpt":{"rendered":"<p>Schleifen ist ein seit dem Altertum bekanntes spanendes Fertigungsverfahren zur Fein- und Fertigbearbeitung von Werkst\u00fccken. Es l\u00e4sst sich manuell oder auf Schleifmaschinen anwenden. Wie bei allen spanenden Verfahren wird dabei \u00fcbersch\u00fcssiges Material in Form von Sp\u00e4nen abgetrennt. Als Schneiden fungieren dabei die Kanten der mikroskopisch kleinen, harten, mineralischen Kristalle im [&hellip;]<\/p>\n","protected":false},"author":1,"featured_media":173,"parent":0,"menu_order":0,"comment_status":"closed","ping_status":"closed","template":"page-fullwidth.php","meta":[],"_links":{"self":[{"href":"https:\/\/www.clemens-fm.de\/index.php\/wp-json\/wp\/v2\/pages\/144"}],"collection":[{"href":"https:\/\/www.clemens-fm.de\/index.php\/wp-json\/wp\/v2\/pages"}],"about":[{"href":"https:\/\/www.clemens-fm.de\/index.php\/wp-json\/wp\/v2\/types\/page"}],"author":[{"embeddable":true,"href":"https:\/\/www.clemens-fm.de\/index.php\/wp-json\/wp\/v2\/users\/1"}],"replies":[{"embeddable":true,"href":"https:\/\/www.clemens-fm.de\/index.php\/wp-json\/wp\/v2\/comments?post=144"}],"version-history":[{"count":5,"href":"https:\/\/www.clemens-fm.de\/index.php\/wp-json\/wp\/v2\/pages\/144\/revisions"}],"predecessor-version":[{"id":348,"href":"https:\/\/www.clemens-fm.de\/index.php\/wp-json\/wp\/v2\/pages\/144\/revisions\/348"}],"wp:featuredmedia":[{"embeddable":true,"href":"https:\/\/www.clemens-fm.de\/index.php\/wp-json\/wp\/v2\/media\/173"}],"wp:attachment":[{"href":"https:\/\/www.clemens-fm.de\/index.php\/wp-json\/wp\/v2\/media?parent=144"}],"curies":[{"name":"wp","href":"https:\/\/api.w.org\/{rel}","templated":true}]}}