{"id":138,"date":"2019-08-02T13:25:27","date_gmt":"2019-08-02T11:25:27","guid":{"rendered":"http:\/\/sig-media.com\/cfm\/?page_id=138"},"modified":"2019-08-06T13:17:51","modified_gmt":"2019-08-06T11:17:51","slug":"drehen","status":"publish","type":"page","link":"https:\/\/www.clemens-fm.de\/index.php\/drehen\/","title":{"rendered":"Drehen"},"content":{"rendered":"<p><strong><img decoding=\"async\" loading=\"lazy\" class=\"alignright size-full wp-image-198\" src=\"http:\/\/www.clemens-fm.de\/wp-content\/uploads\/2019\/08\/Drehen_1.jpg\" alt=\"\" width=\"400\" height=\"623\" srcset=\"https:\/\/www.clemens-fm.de\/wp-content\/uploads\/2019\/08\/Drehen_1.jpg 400w, https:\/\/www.clemens-fm.de\/wp-content\/uploads\/2019\/08\/Drehen_1-193x300.jpg 193w, https:\/\/www.clemens-fm.de\/wp-content\/uploads\/2019\/08\/Drehen_1-51x80.jpg 51w\" sizes=\"(max-width: 400px) 100vw, 400px\" \/>Drehen<\/strong> ist gemeinsam mit dem <a href=\"https:\/\/de.wikipedia.org\/wiki\/Bohren\" target=\"_blank\" rel=\"noopener noreferrer\">Bohren<\/a>, <a href=\"https:\/\/de.wikipedia.org\/wiki\/Fr%C3%A4sen\" target=\"_blank\" rel=\"noopener noreferrer\">Fr\u00e4sen<\/a> und <a href=\"https:\/\/de.wikipedia.org\/wiki\/Schleifen_(Fertigungsverfahren)\" target=\"_blank\" rel=\"noopener noreferrer\">Schleifen<\/a> eines der wichtigsten <a href=\"https:\/\/de.wikipedia.org\/wiki\/Fertigungsverfahren\" target=\"_blank\" rel=\"noopener noreferrer\">Fertigungsverfahren<\/a> der <a href=\"https:\/\/de.wikipedia.org\/wiki\/Zerspantechnik\" target=\"_blank\" rel=\"noopener noreferrer\">Zerspantechnik<\/a>. Wie bei allen diesen Verfahren werden von einem Werkst\u00fcck <a href=\"https:\/\/de.wikipedia.org\/wiki\/Span_(Fertigungstechnik)\" target=\"_blank\" rel=\"noopener noreferrer\">Sp\u00e4ne<\/a> abgetrennt, um die gew\u00fcnschte Form zu erzeugen. Beim Drehen rotiert das Werkst\u00fcck \u2013 das <a href=\"https:\/\/de.wikipedia.org\/wiki\/Drehteil_(Werkst%C3%BCck)\" target=\"_blank\" rel=\"noopener noreferrer\">Drehteil<\/a> \u2013 um seine eigene Achse, w\u00e4hrend das Werkzeug \u2013 der <a href=\"https:\/\/de.wikipedia.org\/wiki\/Drehmei%C3%9Fel\" target=\"_blank\" rel=\"noopener noreferrer\">Drehmei\u00dfel<\/a> \u2013 die am Werkst\u00fcck zu erzeugende <a href=\"https:\/\/de.wikipedia.org\/wiki\/Kontur\" target=\"_blank\" rel=\"noopener noreferrer\">Kontur<\/a> abf\u00e4hrt. Die entsprechende <a href=\"https:\/\/de.wikipedia.org\/wiki\/Werkzeugmaschine\" target=\"_blank\" rel=\"noopener noreferrer\">Werkzeugmaschine<\/a> ist eine <a href=\"https:\/\/de.wikipedia.org\/wiki\/Drehmaschine\" target=\"_blank\" rel=\"noopener noreferrer\">Drehmaschine<\/a>.<\/p>\n<p>Da bei den Drehmei\u00dfeln s\u00e4mtliche <a href=\"https:\/\/de.wikipedia.org\/wiki\/Schneidteil\" target=\"_blank\" rel=\"noopener noreferrer\">Winkel und Radien der Schneide<\/a> bekannt sind, z\u00e4hlt das Drehen zur Gruppe <a href=\"https:\/\/de.wikipedia.org\/wiki\/Spanen_mit_geometrisch_bestimmter_Schneide\" target=\"_blank\" rel=\"noopener noreferrer\">Spanen mit geometrisch bestimmter Schneide<\/a>, zu der auch das Bohren und Fr\u00e4sen z\u00e4hlen.<\/p>\n<p>Das Drehen ist seit dem <a href=\"https:\/\/de.wikipedia.org\/wiki\/Altertum\" target=\"_blank\" rel=\"noopener noreferrer\">Altertum<\/a> bekannt und war w\u00e4hrend der <a href=\"https:\/\/de.wikipedia.org\/wiki\/Industrielle_Revolution\" target=\"_blank\" rel=\"noopener noreferrer\">industriellen Revolution<\/a> von Bedeutung zur Herstellung von \u00fcberwiegend runden Teilen wie <a href=\"https:\/\/de.wikipedia.org\/wiki\/Schraube\" target=\"_blank\" rel=\"noopener noreferrer\">Schrauben<\/a> und <a href=\"https:\/\/de.wikipedia.org\/wiki\/Gewindespindel\" target=\"_blank\" rel=\"noopener noreferrer\">Spindeln<\/a> f\u00fcr die Textilindustrie. Heute wird es f\u00fcr die Herstellung von <a href=\"https:\/\/de.wikipedia.org\/wiki\/Achse_(Technik)\" target=\"_blank\" rel=\"noopener noreferrer\">Achsen<\/a>, <a href=\"https:\/\/de.wikipedia.org\/wiki\/Welle_(Mechanik)\" target=\"_blank\" rel=\"noopener noreferrer\">Wellen<\/a> und <a href=\"https:\/\/de.wikipedia.org\/wiki\/Flansch\" target=\"_blank\" rel=\"noopener noreferrer\">Flanschen<\/a> sowie allgemein rotationssymmetrischen Teilen eingesetzt.<\/p>\n<p>Die erreichbaren Genauigkeiten bez\u00fcglich Abmessungen, Formen und Oberfl\u00e4chenrauheit sind wie bei den meisten zerspanenden Verfahren vergleichsweise gut. Die Werkst\u00fccke sind nach dem Drehen entweder einbaufertig oder m\u00fcssen nur noch durch Schleifen fertigbearbeitet werden.<\/p>\n<p>Das Drehen wird in zahlreiche Verfahrensvarianten eingeteilt. Wird der Drehmei\u00dfel parallel zur Rotationsachse des Werkst\u00fcckes bewegt (Runddrehen oder L\u00e4ngsdrehen), so entstehen zylindrische Formen. Wird er dagegen senkrecht zur Rotationsachse bewegt, ergeben sich ebene Formen (Plandrehen). Au\u00dferdem gibt es Varianten f\u00fcr die Gewindefertigung oder f\u00fcr beliebige rotationssymmetrische Formen (z.B. Kegel oder Kugeln). F\u00fcr gr\u00f6\u00dfere Serien geeignet ist das Profildrehen mit Werkzeugen, die die zu fertigende Form als Negativ enthalten. Gedreht werden neben Au\u00dfenfl\u00e4chen auch Innenfl\u00e4chen an Hohlk\u00f6rpern. Die beim Drehen verwendeten <a href=\"https:\/\/de.wikipedia.org\/wiki\/Spannmittel\" target=\"_blank\" rel=\"noopener noreferrer\">Spannmittel<\/a> sind verfahrenstypisch und werden kaum anderweitig benutzt. Dazu z\u00e4hlen unter anderem <a href=\"https:\/\/de.wikipedia.org\/wiki\/Drehfutter\" target=\"_blank\" rel=\"noopener noreferrer\">Drehfutter<\/a>, <a href=\"https:\/\/de.wikipedia.org\/wiki\/Spannzange\" target=\"_blank\" rel=\"noopener noreferrer\">Spannzangen<\/a> und <a href=\"https:\/\/de.wikipedia.org\/wiki\/Zentrierspitze\" target=\"_blank\" rel=\"noopener noreferrer\">Zentrierspitzen<\/a>.<\/p>\n<p><a href=\"http:\/\/www.clemens-fm.de\/index.php\/fraesen\/\" class=\"blaubutton\">Fr\u00e4sen<\/a><\/p>\n<p><a href=\"http:\/\/www.clemens-fm.de\/index.php\/bohren\/\" class=\"blaubutton\">Bohren<\/a><\/p>\n<p><a href=\"http:\/\/www.clemens-fm.de\/index.php\/schleifen-rund-schleifen-und-flachschleifen\/\" class=\"blaubutton\">Schleifen<\/a><\/p>\n","protected":false},"excerpt":{"rendered":"<p>Drehen ist gemeinsam mit dem Bohren, Fr\u00e4sen und Schleifen eines der wichtigsten Fertigungsverfahren der Zerspantechnik. Wie bei allen diesen Verfahren werden von einem Werkst\u00fcck Sp\u00e4ne abgetrennt, um die gew\u00fcnschte Form zu erzeugen. Beim Drehen rotiert das Werkst\u00fcck \u2013 das Drehteil \u2013 um seine eigene Achse, w\u00e4hrend das Werkzeug \u2013 der [&hellip;]<\/p>\n","protected":false},"author":1,"featured_media":173,"parent":0,"menu_order":0,"comment_status":"closed","ping_status":"closed","template":"page-fullwidth.php","meta":[],"_links":{"self":[{"href":"https:\/\/www.clemens-fm.de\/index.php\/wp-json\/wp\/v2\/pages\/138"}],"collection":[{"href":"https:\/\/www.clemens-fm.de\/index.php\/wp-json\/wp\/v2\/pages"}],"about":[{"href":"https:\/\/www.clemens-fm.de\/index.php\/wp-json\/wp\/v2\/types\/page"}],"author":[{"embeddable":true,"href":"https:\/\/www.clemens-fm.de\/index.php\/wp-json\/wp\/v2\/users\/1"}],"replies":[{"embeddable":true,"href":"https:\/\/www.clemens-fm.de\/index.php\/wp-json\/wp\/v2\/comments?post=138"}],"version-history":[{"count":5,"href":"https:\/\/www.clemens-fm.de\/index.php\/wp-json\/wp\/v2\/pages\/138\/revisions"}],"predecessor-version":[{"id":214,"href":"https:\/\/www.clemens-fm.de\/index.php\/wp-json\/wp\/v2\/pages\/138\/revisions\/214"}],"wp:featuredmedia":[{"embeddable":true,"href":"https:\/\/www.clemens-fm.de\/index.php\/wp-json\/wp\/v2\/media\/173"}],"wp:attachment":[{"href":"https:\/\/www.clemens-fm.de\/index.php\/wp-json\/wp\/v2\/media?parent=138"}],"curies":[{"name":"wp","href":"https:\/\/api.w.org\/{rel}","templated":true}]}}