{"id":131,"date":"2019-08-02T13:19:22","date_gmt":"2019-08-02T11:19:22","guid":{"rendered":"http:\/\/sig-media.com\/cfm\/?page_id=131"},"modified":"2019-08-28T13:04:51","modified_gmt":"2019-08-28T11:04:51","slug":"klein-serienproduktion","status":"publish","type":"page","link":"https:\/\/www.clemens-fm.de\/index.php\/klein-serienproduktion\/","title":{"rendered":"Klein-Serienproduktion"},"content":{"rendered":"<p>Auch wenn mehrere gleiche, identische Teile erforderlich sind, stellen wir Ihnen gerne eine Kleinserie derartiger Bauteile her. Je nach Detailreichtum und Material k\u00f6nnen Kleinserien bis zu 100 St\u00fccken produziert werden.<\/p>\n<p><img decoding=\"async\" loading=\"lazy\" class=\"wp-image-395 alignleft\" src=\"http:\/\/www.clemens-fm.de\/wp-content\/uploads\/2019\/08\/ks1.jpg\" alt=\"\" width=\"300\" height=\"214\" srcset=\"https:\/\/www.clemens-fm.de\/wp-content\/uploads\/2019\/08\/ks1.jpg 400w, https:\/\/www.clemens-fm.de\/wp-content\/uploads\/2019\/08\/ks1-300x215.jpg 300w, https:\/\/www.clemens-fm.de\/wp-content\/uploads\/2019\/08\/ks1-112x80.jpg 112w\" sizes=\"(max-width: 300px) 100vw, 300px\" \/><img decoding=\"async\" loading=\"lazy\" class=\"wp-image-400 alignleft\" src=\"http:\/\/www.clemens-fm.de\/wp-content\/uploads\/2019\/08\/ks3.jpg\" alt=\"\" width=\"299\" height=\"214\" srcset=\"https:\/\/www.clemens-fm.de\/wp-content\/uploads\/2019\/08\/ks3.jpg 400w, https:\/\/www.clemens-fm.de\/wp-content\/uploads\/2019\/08\/ks3-300x215.jpg 300w, https:\/\/www.clemens-fm.de\/wp-content\/uploads\/2019\/08\/ks3-112x80.jpg 112w\" sizes=\"(max-width: 299px) 100vw, 299px\" \/><img decoding=\"async\" loading=\"lazy\" class=\"wp-image-398 alignleft\" src=\"http:\/\/www.clemens-fm.de\/wp-content\/uploads\/2019\/08\/ks2.jpg\" alt=\"\" width=\"300\" height=\"214\" srcset=\"https:\/\/www.clemens-fm.de\/wp-content\/uploads\/2019\/08\/ks2.jpg 400w, https:\/\/www.clemens-fm.de\/wp-content\/uploads\/2019\/08\/ks2-300x215.jpg 300w, https:\/\/www.clemens-fm.de\/wp-content\/uploads\/2019\/08\/ks2-112x80.jpg 112w\" sizes=\"(max-width: 300px) 100vw, 300px\" \/><br \/>\n<br clear=\"all\" \/><\/p>\n<p><a class=\"blaubutton\" href=\"http:\/\/www.clemens-fm.de\/index.php\/entwicklung\/\">Entwicklung<\/a><\/p>\n<p><a class=\"blaubutton\" href=\"http:\/\/www.clemens-fm.de\/index.php\/prototypen-und-einzelstueckfertigung\/\">Prototypen und Einzelst\u00fcckfertigung<\/a><\/p>\n<p><a class=\"blaubutton\" href=\"http:\/\/www.clemens-fm.de\/index.php\/neuentwicklung\/\">Neuentwicklung<\/a><\/p>\n","protected":false},"excerpt":{"rendered":"<p>Auch wenn mehrere gleiche, identische Teile erforderlich sind, stellen wir Ihnen gerne eine Kleinserie derartiger Bauteile her. Je nach Detailreichtum und Material k\u00f6nnen Kleinserien bis zu 100 St\u00fccken produziert werden. Entwicklung Prototypen und Einzelst\u00fcckfertigung Neuentwicklung<\/p>\n","protected":false},"author":1,"featured_media":121,"parent":0,"menu_order":0,"comment_status":"closed","ping_status":"closed","template":"page-fullwidth.php","meta":[],"_links":{"self":[{"href":"https:\/\/www.clemens-fm.de\/index.php\/wp-json\/wp\/v2\/pages\/131"}],"collection":[{"href":"https:\/\/www.clemens-fm.de\/index.php\/wp-json\/wp\/v2\/pages"}],"about":[{"href":"https:\/\/www.clemens-fm.de\/index.php\/wp-json\/wp\/v2\/types\/page"}],"author":[{"embeddable":true,"href":"https:\/\/www.clemens-fm.de\/index.php\/wp-json\/wp\/v2\/users\/1"}],"replies":[{"embeddable":true,"href":"https:\/\/www.clemens-fm.de\/index.php\/wp-json\/wp\/v2\/comments?post=131"}],"version-history":[{"count":16,"href":"https:\/\/www.clemens-fm.de\/index.php\/wp-json\/wp\/v2\/pages\/131\/revisions"}],"predecessor-version":[{"id":406,"href":"https:\/\/www.clemens-fm.de\/index.php\/wp-json\/wp\/v2\/pages\/131\/revisions\/406"}],"wp:featuredmedia":[{"embeddable":true,"href":"https:\/\/www.clemens-fm.de\/index.php\/wp-json\/wp\/v2\/media\/121"}],"wp:attachment":[{"href":"https:\/\/www.clemens-fm.de\/index.php\/wp-json\/wp\/v2\/media?parent=131"}],"curies":[{"name":"wp","href":"https:\/\/api.w.org\/{rel}","templated":true}]}}