{"id":126,"date":"2019-08-02T11:41:28","date_gmt":"2019-08-02T09:41:28","guid":{"rendered":"http:\/\/sig-media.com\/cfm\/?page_id=126"},"modified":"2019-08-29T13:27:34","modified_gmt":"2019-08-29T11:27:34","slug":"datenschutz","status":"publish","type":"page","link":"https:\/\/www.clemens-fm.de\/index.php\/datenschutz\/","title":{"rendered":"Datenschutz"},"content":{"rendered":"<div id=\"article\">\n<h4><strong>Einleitung<\/strong><\/h4>\n<p>Vielen Dank f\u00fcr den Besuch auf unserer Webseite. Wir nehmen Datenschutz sehr ernst und sind bestrebt, im Rahmen unseres Webseitenangebotes Ihre personenbezogenen Daten zu sch\u00fctzen.<\/p>\n<p>Unter personenbezogenen Daten verstehen wir alle Daten \u00fcber die pers\u00f6nlichen und sachlichen Verh\u00e4ltnisse einer nat\u00fcrlichen Person.<\/p>\n<p>Wir verarbeiten Ihre personenbezogenen Daten ausschlie\u00dflich in \u00dcbereinstimmung mit den Vorschriften der europ\u00e4ischen Datenschutzgrundverordnung (DS-GVO) und des Bundesdatenschutzgesetzes (BDSG). Au\u00dferdem verarbeiten wir nicht mehr Daten als unbedingt notwendig und wenn m\u00f6glich anonymisiert.<\/p>\n<p>&nbsp;<\/p>\n<h3>Welche personenbezogenen Daten verarbeiten wir?<\/h3>\n<p>Durch die Nutzung unseres Internetauftritts hinterlassen Sie personenbezogene Daten. \u00dcber die erfassten Informationen informieren wir Sie hier.<\/p>\n<p>&nbsp;<\/p>\n<p><strong>Webserverlogs<br \/>\n<\/strong>Im Rahmen der Nutzung unseres Internetangebotes werden die Verbindungsinformationen in den Server-Log-Dateien gespeichert.<\/p>\n<p>Zu diesen Informationen z\u00e4hlen:<\/p>\n<ul>\n<li>IP-Adresse des aufrufenden Systems<\/li>\n<li>Browser-Informationen wie verwendetes Betriebssystem und Bildschirmaufl\u00f6sung<\/li>\n<li>aufgerufene Webseite<\/li>\n<li>Ursprungswebseite<\/li>\n<li>Zeitpunkt des Aufrufs<\/li>\n<\/ul>\n<p>Die Webserverprotokolle werden ausschlie\u00dflich zu Sicherheitszwecken verarbeitet.<\/p>\n<p>Wir verwenden die Protokolldaten nur f\u00fcr statistische Auswertungen zum Zweck des Betriebs, der Sicherheit und der Optimierung des Angebotes. Wir behalten uns jedoch vor, die Protokolldaten nachtr\u00e4glich zu \u00fcberpr\u00fcfen, wenn aufgrund konkreter Anhaltspunkte der berechtigte Verdacht einer rechtswidrigen Nutzung besteht.<\/p>\n<p>&nbsp;<\/p>\n<p><strong>Cookies<br \/>\n<\/strong>Diese Webseite verwendet Cookies. Cookies sind Textdateien, die auf Ihrem Endger\u00e4t gespeichert werden. Cookies k\u00f6nnen beim Aufruf der Webseite von der Webseite ausgelesen, \u00fcbertragen und ge\u00e4ndert werden. Wir nutzen Cookies nur mit zuf\u00e4lligen, pseudonymen Identifikationsnummern. Diese Identifikationsnummern werden genutzt um ggf. ein Hinweisfenster mit aktuellen Informationen w\u00e4hrend Ihres Aufenthalts auf unserer Website einzublenden. Es ist jederzeit m\u00f6glich, der Setzung von Cookies durch entsprechende \u00c4nderung der Einstellung im Internetbrowser zu widersprechen. Gesetzte Cookies k\u00f6nnen gel\u00f6scht werden und gelten nur f\u00fcr die Dauer Ihres aktuellen Besuchs unserer Website.<\/p>\n<p><strong>Online Schrift-\/Icon- Bibliotheken<br \/>\n<\/strong>Diese Website bindet externe Bibliotheken z.B. f\u00fcr Schriften oder Icons ein, die von Servern dritter Anbieter bereitgestellt werden. Wenn Sie unsere Websiten aufrufen, wird eine Verbindung externen Servern hergestellt, bei der unter anderem die IP-Adresse \u00fcbertragen wird. Weiterhin besteht f\u00fcr externe Anbieter die M\u00f6glichkeit, Cookies zu schreiben und zu lesen.<\/p>\n<p>&nbsp;<\/p>\n<h3><strong>Betroffenenrechte<\/strong><\/h3>\n<p>Im Rahmen unserer Datenverarbeitung werden personenbezogene Daten von Ihnen verarbeitet. Es stehen Ihnen die Rechte aus dem Dritten Kapitel der DS-GVO gegen\u00fcber unserem Unternehmen zu.<br \/>\nBitte kontaktieren Sie uns zu Ihren Rechten unter den oben angegebenen Kontaktm\u00f6glichkeiten.<br \/>\nSie haben die Rechte auf:<\/p>\n<p>\u2022 Auskunft<br \/>\n\u2022 Berichtigung<br \/>\n\u2022 L\u00f6schung<br \/>\n\u2022 Einschr\u00e4nkung der Verarbeitung<br \/>\n\u2022 Mitteilungspflicht im Hinblick auf Berichtigung, L\u00f6schung oder Einschr\u00e4nkung der Verarbeitung<br \/>\n\u2022 Daten\u00fcbertragbarkeit<br \/>\n\u2022 Widerspruch<\/p>\n<p>Ihnen steht zudem das Recht auf Beschwerde bei der Datenschutzaufsichtsbeh\u00f6rde (Die Landesdatenschutzbeauftragte f\u00fcr Datenschutz und Informationsfreiheit des Landes Nordrhein-Westfalen, Kavalleriestr. 2-4, 40213 D\u00fcsseldorf, Telefon: 0211\/38424-0, Fax: 0211\/38424-10, E-Mail: <a href=\"mailto:poststelle@ldi.nrw.de\">poststelle@ldi.nrw.de<\/a>) zu.<\/p>\n<p>&nbsp;<\/p>\n<p><strong>Rechtsgrundlage der Verarbeitung<\/strong><\/p>\n<p>Die Rechtsgrundlage der Datenverarbeitung im Rahmen der EU Datenschutzgrundverordnung ergibt sich f\u00fcr unsere Datenverarbeitung aus Art. 6 DS-GVO. Im Einzelnen k\u00f6nnen sich, je nachdem in welcher Situation wir Ihre Daten verarbeiten, unterschiedliche Rechtsgrundlagen ergeben.<\/p>\n<p><strong>Einwilligung<br \/>\n<\/strong>Soweit f\u00fcr Verarbeitungsvorg\u00e4nge personenbezogener Daten Ihre Einwilligung eingeholt wurde, ist Artikel 6 I a) DS-GVO die Rechtsgrundlage f\u00fcr die Datenverarbeitung. Eine erteilte Einwilligung kann jederzeit mit Wirkung f\u00fcr die Zukunft widerrufen werden.<\/p>\n<p><strong>Vertrag<br \/>\n<\/strong>Bei der Verarbeitung von personenbezogenen Daten, die zur Erf\u00fcllung eines Vertrages, dessen Vertragspartei Sie sind, erhoben wurden, ist Artikel 6 I b) DS-GVO die Rechtsgrundlage. Dies gilt auch f\u00fcr Verarbeitungsvorg\u00e4nge, die zur Durchf\u00fchrung vorvertraglicher Ma\u00dfnahmen erforderlich sind.<\/p>\n<p><strong>Gesetzliche Pflicht<br \/>\n<\/strong>Soweit eine Verarbeitung personenbezogener Daten zur Erf\u00fcllung einer rechtlichen Verpflichtung erforderlich ist, der unser Unternehmen unterliegt, dient Artikel 6 I c) DS-GVO als Rechtsgrundlage.<\/p>\n<p><strong>Lebenswichtige Interessen<br \/>\n<\/strong>F\u00fcr den Fall, dass lebenswichtige Interessen von Ihnen oder einer anderen nat\u00fcrlichen Person eine Verarbeitung personenbezogener Daten erforderlich machen, ist Artikel 6 I d) DS-GVO die Rechtsgrundlage.<\/p>\n<p><strong>Berechtigtes Interesse<br \/>\n<\/strong>Ist die Verarbeitung zur Wahrung eines berechtigten Interesses unseres Unternehmens oder eines Dritten erforderlich und \u00fcberwiegen die Interessen, Grundrechte und Grundfreiheiten des Betroffenen das erstgenannte Interesse nicht, so dient Artikel 6 I f) DS-GVO als Rechtsgrundlage f\u00fcr die Verarbeitung. Das berechtigte Interesse unseres Unternehmens liegt in der Durchf\u00fchrung unserer Gesch\u00e4ftst\u00e4tigkeit.<\/p>\n<p><strong>Speicherdauer<br \/>\n<\/strong>Wir l\u00f6schen umgehend die erhobenen personenbezogenen Daten, wenn der Zweck der Erhebung erf\u00fcllt wurde, sofern keine gesetzlichen Aufbewahrungsfristen oder berechtigte Interessen unsererseits der L\u00f6schung entgegenstehen. Sollte eine L\u00f6schung nicht m\u00f6glich sein, wird stattdessen eine Sperrung der Daten vorgenommen.<\/p>\n<\/div>\n","protected":false},"excerpt":{"rendered":"<p>Einleitung Vielen Dank f\u00fcr den Besuch auf unserer Webseite. Wir nehmen Datenschutz sehr ernst und sind bestrebt, im Rahmen unseres Webseitenangebotes Ihre personenbezogenen Daten zu sch\u00fctzen. Unter personenbezogenen Daten verstehen wir alle Daten \u00fcber die pers\u00f6nlichen und sachlichen Verh\u00e4ltnisse einer nat\u00fcrlichen Person. Wir verarbeiten Ihre personenbezogenen Daten ausschlie\u00dflich in \u00dcbereinstimmung [&hellip;]<\/p>\n","protected":false},"author":1,"featured_media":0,"parent":0,"menu_order":0,"comment_status":"closed","ping_status":"closed","template":"page-fullwidth.php","meta":[],"_links":{"self":[{"href":"https:\/\/www.clemens-fm.de\/index.php\/wp-json\/wp\/v2\/pages\/126"}],"collection":[{"href":"https:\/\/www.clemens-fm.de\/index.php\/wp-json\/wp\/v2\/pages"}],"about":[{"href":"https:\/\/www.clemens-fm.de\/index.php\/wp-json\/wp\/v2\/types\/page"}],"author":[{"embeddable":true,"href":"https:\/\/www.clemens-fm.de\/index.php\/wp-json\/wp\/v2\/users\/1"}],"replies":[{"embeddable":true,"href":"https:\/\/www.clemens-fm.de\/index.php\/wp-json\/wp\/v2\/comments?post=126"}],"version-history":[{"count":4,"href":"https:\/\/www.clemens-fm.de\/index.php\/wp-json\/wp\/v2\/pages\/126\/revisions"}],"predecessor-version":[{"id":409,"href":"https:\/\/www.clemens-fm.de\/index.php\/wp-json\/wp\/v2\/pages\/126\/revisions\/409"}],"wp:attachment":[{"href":"https:\/\/www.clemens-fm.de\/index.php\/wp-json\/wp\/v2\/media?parent=126"}],"curies":[{"name":"wp","href":"https:\/\/api.w.org\/{rel}","templated":true}]}}